{"id":7228,"date":"2024-08-30T09:44:42","date_gmt":"2024-08-30T07:44:42","guid":{"rendered":"https:\/\/www.hotel-alfa.sk\/?page_id=7228"},"modified":"2024-09-14T09:16:04","modified_gmt":"2024-09-14T07:16:04","slug":"teambuildingy-a-skolenia","status":"publish","type":"page","link":"https:\/\/www.hotel-alfa.sk\/en\/teambuildingy-a-skolenia\/","title":{"rendered":"Teambuildings and trainings"},"content":{"rendered":"<div data-elementor-type=\"wp-page\" data-elementor-id=\"7228\" class=\"elementor elementor-7228\">\n\t\t\t\t\t\t\t\t\t<section class=\"elementor-section elementor-top-section elementor-element elementor-element-bb14111 elementor-section-boxed elementor-section-height-default elementor-section-height-default\" data-id=\"bb14111\" data-element_type=\"section\">\n\t\t\t\t\t\t<div class=\"elementor-container elementor-column-gap-default\">\n\t\t\t\t\t<div class=\"elementor-column elementor-col-100 elementor-top-column elementor-element elementor-element-e9f79e0\" data-id=\"e9f79e0\" data-element_type=\"column\">\n\t\t\t<div class=\"elementor-widget-wrap elementor-element-populated\">\n\t\t\t\t\t\t\t\t<div class=\"elementor-element elementor-element-4041e53 elementor-widget elementor-widget-text-editor\" data-id=\"4041e53\" data-element_type=\"widget\" data-widget_type=\"text-editor.default\">\n\t\t\t\t<div class=\"elementor-widget-container\">\n\t\t\t<style>\/*! elementor - v3.13.3 - 28-05-2023 *\/\n.elementor-widget-text-editor.elementor-drop-cap-view-stacked .elementor-drop-cap{background-color:#69727d;color:#fff}.elementor-widget-text-editor.elementor-drop-cap-view-framed .elementor-drop-cap{color:#69727d;border:3px solid;background-color:transparent}.elementor-widget-text-editor:not(.elementor-drop-cap-view-default) .elementor-drop-cap{margin-top:8px}.elementor-widget-text-editor:not(.elementor-drop-cap-view-default) .elementor-drop-cap-letter{width:1em;height:1em}.elementor-widget-text-editor .elementor-drop-cap{float:left;text-align:center;line-height:1;font-size:50px}.elementor-widget-text-editor .elementor-drop-cap-letter{display:inline-block}<\/style>\t\t\t\t<p>From trainings, seminars, business meetings to <strong>leisure events<\/strong> such as <strong>Christmas parties<\/strong>, <strong>team buildings<\/strong>, or other <strong>corporate events<\/strong>.<\/p><p>\u00a0\u00a0\u00a0\u00a0\u00a0\u00a0\u00a0 <strong>Hotel Alfa has available 3 conference rooms<\/strong> - depending on your requirements, we can adapt <strong>the space for up to 150 guests.<\/strong>The conference rooms are equipped with LED screens, a flip chart and a laptop and together with the professional approach of our employees we guarantee that every event will take place according to your wishes.<\/p>\t\t\t\t\t\t<\/div>\n\t\t\t\t<\/div>\n\t\t\t\t\t<\/div>\n\t\t<\/div>\n\t\t\t\t\t\t\t<\/div>\n\t\t<\/section>\n\t\t\t\t<section class=\"elementor-section elementor-top-section elementor-element elementor-element-ba4dda7 elementor-section-boxed elementor-section-height-default elementor-section-height-default\" data-id=\"ba4dda7\" data-element_type=\"section\">\n\t\t\t\t\t\t<div class=\"elementor-container elementor-column-gap-default\">\n\t\t\t\t\t<div class=\"elementor-column elementor-col-100 elementor-top-column elementor-element elementor-element-8ba32cf\" data-id=\"8ba32cf\" data-element_type=\"column\">\n\t\t\t<div class=\"elementor-widget-wrap elementor-element-populated\">\n\t\t\t\t\t\t\t\t<div class=\"elementor-element elementor-element-570bbe6 elementor-widget elementor-widget-image-gallery\" data-id=\"570bbe6\" data-element_type=\"widget\" data-widget_type=\"image-gallery.default\">\n\t\t\t\t<div class=\"elementor-widget-container\">\n\t\t\t<style>\/*! elementor - v3.13.3 - 28-05-2023 *\/\n.elementor-image-gallery .gallery-item{display:inline-block;text-align:center;vertical-align:top;width:100%;max-width:100%;margin:0 auto}.elementor-image-gallery .gallery-item img{margin:0 auto}.elementor-image-gallery .gallery-item .gallery-caption{margin:0}.elementor-image-gallery figure img{display:block}.elementor-image-gallery figure figcaption{width:100%}.gallery-spacing-custom .elementor-image-gallery .gallery-icon{padding:0}@media (min-width:768px){.elementor-image-gallery .gallery-columns-2 .gallery-item{max-width:50%}.elementor-image-gallery .gallery-columns-3 .gallery-item{max-width:33.33%}.elementor-image-gallery .gallery-columns-4 .gallery-item{max-width:25%}.elementor-image-gallery .gallery-columns-5 .gallery-item{max-width:20%}.elementor-image-gallery .gallery-columns-6 .gallery-item{max-width:16.666%}.elementor-image-gallery .gallery-columns-7 .gallery-item{max-width:14.28%}.elementor-image-gallery .gallery-columns-8 .gallery-item{max-width:12.5%}.elementor-image-gallery .gallery-columns-9 .gallery-item{max-width:11.11%}.elementor-image-gallery .gallery-columns-10 .gallery-item{max-width:10%}}@media (min-width:480px) and (max-width:767px){.elementor-image-gallery .gallery.gallery-columns-2 .gallery-item,.elementor-image-gallery .gallery.gallery-columns-3 .gallery-item,.elementor-image-gallery .gallery.gallery-columns-4 .gallery-item,.elementor-image-gallery .gallery.gallery-columns-5 .gallery-item,.elementor-image-gallery .gallery.gallery-columns-6 .gallery-item,.elementor-image-gallery .gallery.gallery-columns-7 .gallery-item,.elementor-image-gallery .gallery.gallery-columns-8 .gallery-item,.elementor-image-gallery .gallery.gallery-columns-9 .gallery-item,.elementor-image-gallery .gallery.gallery-columns-10 .gallery-item{max-width:50%}}@media (max-width:479px){.elementor-image-gallery .gallery.gallery-columns-2 .gallery-item,.elementor-image-gallery .gallery.gallery-columns-3 .gallery-item,.elementor-image-gallery .gallery.gallery-columns-4 .gallery-item,.elementor-image-gallery .gallery.gallery-columns-5 .gallery-item,.elementor-image-gallery .gallery.gallery-columns-6 .gallery-item,.elementor-image-gallery .gallery.gallery-columns-7 .gallery-item,.elementor-image-gallery .gallery.gallery-columns-8 .gallery-item,.elementor-image-gallery .gallery.gallery-columns-9 .gallery-item,.elementor-image-gallery .gallery.gallery-columns-10 .gallery-item{max-width:100%}}<\/style>\t\t<div class=\"elementor-image-gallery\">\n\t\t\t<div id='gallery-1' class='gallery galleryid-7228 gallery-columns-1 gallery-size-medium_large'><figure class='gallery-item'>\n\t\t\t<div class='gallery-icon landscape'>\n\t\t\t\t<a data-elementor-open-lightbox=\"yes\" data-elementor-lightbox-slideshow=\"570bbe6\" data-elementor-lightbox-title=\"Alfa hotel Giraltovce\" data-elementor-lightbox-description=\"Alfa hotel Giraltovce\" data-e-action-hash=\"#elementor-action%3Aaction%3Dlightbox%26settings%3DeyJpZCI6NzE5NCwidXJsIjoiaHR0cHM6XC9cL3d3dy5ob3RlbC1hbGZhLnNrXC93cC1jb250ZW50XC91cGxvYWRzXC8yMDI0XC8wOFwvQWxmYS1ob3RlbC1zY2FsZWQuanBnIiwic2xpZGVzaG93IjoiNTcwYmJlNiJ9\" href='https:\/\/www.hotel-alfa.sk\/wp-content\/uploads\/2024\/08\/Alfa-hotel-scaled.jpg'><img loading=\"lazy\" decoding=\"async\" width=\"768\" height=\"576\" src=\"https:\/\/www.hotel-alfa.sk\/wp-content\/uploads\/2024\/08\/Alfa-hotel-768x576.jpg\" class=\"attachment-medium_large size-medium_large\" alt=\"Alfa hotel Giraltovce\" aria-describedby=\"gallery-1-7194\" srcset=\"https:\/\/www.hotel-alfa.sk\/wp-content\/uploads\/2024\/08\/Alfa-hotel-768x576.jpg 768w, https:\/\/www.hotel-alfa.sk\/wp-content\/uploads\/2024\/08\/Alfa-hotel-300x225.jpg 300w, https:\/\/www.hotel-alfa.sk\/wp-content\/uploads\/2024\/08\/Alfa-hotel-1024x768.jpg 1024w, https:\/\/www.hotel-alfa.sk\/wp-content\/uploads\/2024\/08\/Alfa-hotel-1536x1152.jpg 1536w, https:\/\/www.hotel-alfa.sk\/wp-content\/uploads\/2024\/08\/Alfa-hotel-2048x1536.jpg 2048w, https:\/\/www.hotel-alfa.sk\/wp-content\/uploads\/2024\/08\/Alfa-hotel-16x12.jpg 16w, https:\/\/www.hotel-alfa.sk\/wp-content\/uploads\/2024\/08\/Alfa-hotel-950x713.jpg 950w, https:\/\/www.hotel-alfa.sk\/wp-content\/uploads\/2024\/08\/Alfa-hotel-1920x1440.jpg 1920w, https:\/\/www.hotel-alfa.sk\/wp-content\/uploads\/2024\/08\/Alfa-hotel-800x600.jpg 800w\" sizes=\"auto, (max-width: 768px) 100vw, 768px\" \/><\/a>\n\t\t\t<\/div>\n\t\t\t\t<figcaption class='wp-caption-text gallery-caption' id='gallery-1-7194'>\n\t\t\t\tAlfa hotel Giraltovce\n\t\t\t\t<\/figcaption><\/figure>\n\t\t<\/div>\n\t\t<\/div>\n\t\t\t\t<\/div>\n\t\t\t\t<\/div>\n\t\t\t\t\t<\/div>\n\t\t<\/div>\n\t\t\t\t\t\t\t<\/div>\n\t\t<\/section>\n\t\t\t\t<section class=\"elementor-section elementor-top-section elementor-element elementor-element-7fcf89d elementor-section-boxed elementor-section-height-default elementor-section-height-default\" data-id=\"7fcf89d\" data-element_type=\"section\">\n\t\t\t\t\t\t<div class=\"elementor-container elementor-column-gap-default\">\n\t\t\t\t\t<div class=\"elementor-column elementor-col-100 elementor-top-column elementor-element elementor-element-71866ad\" data-id=\"71866ad\" data-element_type=\"column\">\n\t\t\t<div class=\"elementor-widget-wrap elementor-element-populated\">\n\t\t\t\t\t\t\t\t<div class=\"elementor-element elementor-element-4d58009 elementor-widget elementor-widget-text-editor\" data-id=\"4d58009\" data-element_type=\"widget\" data-widget_type=\"text-editor.default\">\n\t\t\t\t<div class=\"elementor-widget-container\">\n\t\t\t\t\t\t\t<h4><strong>Small lounge<\/strong><\/h4><p>57m<sup>2<\/sup>, <strong>max 40 people<\/strong>, wifi connection, LED TV, air conditioning, flipchart, notebook<\/p><ul><li>Seating in the shape of the letter I - 20 people.<\/li><li>Seating in the shape of the letter U - 24 people.<\/li><li>Theater seating - 40 people.<br \/>School seating - 12 people.<\/li><\/ul><p>Our small lounge with a capacity of 40 people has <strong>LED TV, laptop, flipchart and Wi-Fi connection.<\/strong>. The room includes a relaxation corner where you can enjoy a cup of coffee during a break. There is also a separate bathroom with a toilet.<\/p><p><strong>During the event, you have the opportunity to use the hotel restaurant or we can prepare a coffee break directly in the lounge.<\/strong><\/p>\t\t\t\t\t\t<\/div>\n\t\t\t\t<\/div>\n\t\t\t\t\t<\/div>\n\t\t<\/div>\n\t\t\t\t\t\t\t<\/div>\n\t\t<\/section>\n\t\t\t\t<section class=\"elementor-section elementor-top-section elementor-element elementor-element-8e4a0ad elementor-section-boxed elementor-section-height-default elementor-section-height-default\" data-id=\"8e4a0ad\" data-element_type=\"section\">\n\t\t\t\t\t\t<div class=\"elementor-container elementor-column-gap-default\">\n\t\t\t\t\t<div class=\"elementor-column elementor-col-100 elementor-top-column elementor-element elementor-element-72c640a\" data-id=\"72c640a\" data-element_type=\"column\">\n\t\t\t<div class=\"elementor-widget-wrap elementor-element-populated\">\n\t\t\t\t\t\t\t\t<div class=\"elementor-element elementor-element-8b9ac6e elementor-widget elementor-widget-image-gallery\" data-id=\"8b9ac6e\" data-element_type=\"widget\" data-widget_type=\"image-gallery.default\">\n\t\t\t\t<div class=\"elementor-widget-container\">\n\t\t\t\t\t<div class=\"elementor-image-gallery\">\n\t\t\t<div id='gallery-2' class='gallery galleryid-7228 gallery-columns-2 gallery-size-medium'><figure class='gallery-item'>\n\t\t\t<div class='gallery-icon landscape'>\n\t\t\t\t<a data-elementor-open-lightbox=\"yes\" data-elementor-lightbox-slideshow=\"8b9ac6e\" data-elementor-lightbox-title=\"Obr\u00e1zok2\" data-e-action-hash=\"#elementor-action%3Aaction%3Dlightbox%26settings%3DeyJpZCI6NzMyNSwidXJsIjoiaHR0cHM6XC9cL3d3dy5ob3RlbC1hbGZhLnNrXC93cC1jb250ZW50XC91cGxvYWRzXC8yMDI0XC8wOVwvT2JyYXpvazIuanBnIiwic2xpZGVzaG93IjoiOGI5YWM2ZSJ9\" href='https:\/\/www.hotel-alfa.sk\/wp-content\/uploads\/2024\/09\/Obrazok2.jpg'><img loading=\"lazy\" decoding=\"async\" width=\"300\" height=\"225\" src=\"https:\/\/www.hotel-alfa.sk\/wp-content\/uploads\/2024\/09\/Obrazok2-300x225.jpg\" class=\"attachment-medium size-medium\" alt=\"\" srcset=\"https:\/\/www.hotel-alfa.sk\/wp-content\/uploads\/2024\/09\/Obrazok2-300x225.jpg 300w, https:\/\/www.hotel-alfa.sk\/wp-content\/uploads\/2024\/09\/Obrazok2-16x12.jpg 16w, https:\/\/www.hotel-alfa.sk\/wp-content\/uploads\/2024\/09\/Obrazok2.jpg 584w\" sizes=\"auto, (max-width: 300px) 100vw, 300px\" \/><\/a>\n\t\t\t<\/div><\/figure><figure class='gallery-item'>\n\t\t\t<div class='gallery-icon landscape'>\n\t\t\t\t<a data-elementor-open-lightbox=\"yes\" data-elementor-lightbox-slideshow=\"8b9ac6e\" data-elementor-lightbox-title=\"Obr\u00e1zok1\" data-e-action-hash=\"#elementor-action%3Aaction%3Dlightbox%26settings%3DeyJpZCI6NzMyNCwidXJsIjoiaHR0cHM6XC9cL3d3dy5ob3RlbC1hbGZhLnNrXC93cC1jb250ZW50XC91cGxvYWRzXC8yMDI0XC8wOVwvT2JyYXpvazEuanBnIiwic2xpZGVzaG93IjoiOGI5YWM2ZSJ9\" href='https:\/\/www.hotel-alfa.sk\/wp-content\/uploads\/2024\/09\/Obrazok1.jpg'><img loading=\"lazy\" decoding=\"async\" width=\"300\" height=\"225\" src=\"https:\/\/www.hotel-alfa.sk\/wp-content\/uploads\/2024\/09\/Obrazok1-300x225.jpg\" class=\"attachment-medium size-medium\" alt=\"\" srcset=\"https:\/\/www.hotel-alfa.sk\/wp-content\/uploads\/2024\/09\/Obrazok1-300x225.jpg 300w, https:\/\/www.hotel-alfa.sk\/wp-content\/uploads\/2024\/09\/Obrazok1-16x12.jpg 16w, https:\/\/www.hotel-alfa.sk\/wp-content\/uploads\/2024\/09\/Obrazok1.jpg 580w\" sizes=\"auto, (max-width: 300px) 100vw, 300px\" \/><\/a>\n\t\t\t<\/div><\/figure>\n\t\t<\/div>\n\t\t<\/div>\n\t\t\t\t<\/div>\n\t\t\t\t<\/div>\n\t\t\t\t\t<\/div>\n\t\t<\/div>\n\t\t\t\t\t\t\t<\/div>\n\t\t<\/section>\n\t\t\t\t<section class=\"elementor-section elementor-top-section elementor-element elementor-element-5a25c85 elementor-section-boxed elementor-section-height-default elementor-section-height-default\" data-id=\"5a25c85\" data-element_type=\"section\">\n\t\t\t\t\t\t<div class=\"elementor-container elementor-column-gap-default\">\n\t\t\t\t\t<div class=\"elementor-column elementor-col-100 elementor-top-column elementor-element elementor-element-3251a36\" data-id=\"3251a36\" data-element_type=\"column\">\n\t\t\t<div class=\"elementor-widget-wrap elementor-element-populated\">\n\t\t\t\t\t\t\t\t<div class=\"elementor-element elementor-element-a93aae3 elementor-widget elementor-widget-text-editor\" data-id=\"a93aae3\" data-element_type=\"widget\" data-widget_type=\"text-editor.default\">\n\t\t\t\t<div class=\"elementor-widget-container\">\n\t\t\t\t\t\t\t<h4><strong>Large lounge<\/strong><\/h4><p><strong>Max 60 people <\/strong>, wifi connection, LED TV, air conditioning, flipchart, notebook<\/p><ul><li>Theater seating - 60 people.<\/li><li>Seating in the shape of the letter U - 30 people.<\/li><li>Seating in the shape of the letter I - 26 people.<\/li><li>School seating - 20 people.<\/li><\/ul><p>Our big lounge with a capacity of 60 people has <strong>LED TV, laptop, flipchart and Wi-Fi connection.<\/strong>The room also includes an outdoor terrace.<\/p><p><strong>During your event, you have the opportunity to use the hotel restaurant or we can prepare a coffee break directly in the lounge or on the terrace.<\/strong><\/p>\t\t\t\t\t\t<\/div>\n\t\t\t\t<\/div>\n\t\t\t\t<div class=\"elementor-element elementor-element-5de65e3 elementor-widget elementor-widget-image-gallery\" data-id=\"5de65e3\" data-element_type=\"widget\" data-widget_type=\"image-gallery.default\">\n\t\t\t\t<div class=\"elementor-widget-container\">\n\t\t\t\t\t<div class=\"elementor-image-gallery\">\n\t\t\t<div id='gallery-3' class='gallery galleryid-7228 gallery-columns-2 gallery-size-medium_large'><figure class='gallery-item'>\n\t\t\t<div class='gallery-icon landscape'>\n\t\t\t\t<a data-elementor-open-lightbox=\"yes\" data-elementor-lightbox-slideshow=\"5de65e3\" data-elementor-lightbox-title=\"Hotel Alfa konferen\u010dn\u00e1 miestnos\u0165\" data-elementor-lightbox-description=\"Hotel Alfa konferen\u010dn\u00e1 miestnos\u0165\" data-e-action-hash=\"#elementor-action%3Aaction%3Dlightbox%26settings%3DeyJpZCI6NDYxOCwidXJsIjoiaHR0cHM6XC9cL3d3dy5ob3RlbC1hbGZhLnNrXC93cC1jb250ZW50XC91cGxvYWRzXC8yMDIzXC8wMlwvMjAyMzAxMThfMDcyODU2LXNjYWxlZC5qcGciLCJzbGlkZXNob3ciOiI1ZGU2NWUzIn0%3D\" href='https:\/\/www.hotel-alfa.sk\/wp-content\/uploads\/2023\/02\/20230118_072856-scaled.jpg'><img loading=\"lazy\" decoding=\"async\" width=\"768\" height=\"432\" src=\"https:\/\/www.hotel-alfa.sk\/wp-content\/uploads\/2023\/02\/20230118_072856-768x432.jpg\" class=\"attachment-medium_large size-medium_large\" alt=\"Hotel Alfa konferen\u010dn\u00e1 miestnos\u0165\" aria-describedby=\"gallery-3-4618\" srcset=\"https:\/\/www.hotel-alfa.sk\/wp-content\/uploads\/2023\/02\/20230118_072856-768x432.jpg 768w, https:\/\/www.hotel-alfa.sk\/wp-content\/uploads\/2023\/02\/20230118_072856-300x169.jpg 300w, https:\/\/www.hotel-alfa.sk\/wp-content\/uploads\/2023\/02\/20230118_072856-1024x576.jpg 1024w, https:\/\/www.hotel-alfa.sk\/wp-content\/uploads\/2023\/02\/20230118_072856-1536x864.jpg 1536w, https:\/\/www.hotel-alfa.sk\/wp-content\/uploads\/2023\/02\/20230118_072856-2048x1152.jpg 2048w, https:\/\/www.hotel-alfa.sk\/wp-content\/uploads\/2023\/02\/20230118_072856-950x534.jpg 950w, https:\/\/www.hotel-alfa.sk\/wp-content\/uploads\/2023\/02\/20230118_072856-1920x1080.jpg 1920w, https:\/\/www.hotel-alfa.sk\/wp-content\/uploads\/2023\/02\/20230118_072856-800x450.jpg 800w\" sizes=\"auto, (max-width: 768px) 100vw, 768px\" \/><\/a>\n\t\t\t<\/div>\n\t\t\t\t<figcaption class='wp-caption-text gallery-caption' id='gallery-3-4618'>\n\t\t\t\tHotel Alfa konferen\u010dn\u00e1 miestnos\u0165\n\t\t\t\t<\/figcaption><\/figure><figure class='gallery-item'>\n\t\t\t<div class='gallery-icon portrait'>\n\t\t\t\t<a data-elementor-open-lightbox=\"yes\" data-elementor-lightbox-slideshow=\"5de65e3\" data-elementor-lightbox-title=\"Obr\u00e1zok3\" data-elementor-lightbox-description=\"Hotel Alfa konferen\u010dn\u00e1 miestnos\u0165\" data-e-action-hash=\"#elementor-action%3Aaction%3Dlightbox%26settings%3DeyJpZCI6NzMyNiwidXJsIjoiaHR0cHM6XC9cL3d3dy5ob3RlbC1hbGZhLnNrXC93cC1jb250ZW50XC91cGxvYWRzXC8yMDI0XC8wOVwvT2JyYXpvazMuanBnIiwic2xpZGVzaG93IjoiNWRlNjVlMyJ9\" href='https:\/\/www.hotel-alfa.sk\/wp-content\/uploads\/2024\/09\/Obrazok3.jpg'><img loading=\"lazy\" decoding=\"async\" width=\"434\" height=\"543\" src=\"https:\/\/www.hotel-alfa.sk\/wp-content\/uploads\/2024\/09\/Obrazok3.jpg\" class=\"attachment-medium_large size-medium_large\" alt=\"\" srcset=\"https:\/\/www.hotel-alfa.sk\/wp-content\/uploads\/2024\/09\/Obrazok3.jpg 434w, https:\/\/www.hotel-alfa.sk\/wp-content\/uploads\/2024\/09\/Obrazok3-240x300.jpg 240w, https:\/\/www.hotel-alfa.sk\/wp-content\/uploads\/2024\/09\/Obrazok3-10x12.jpg 10w\" sizes=\"auto, (max-width: 434px) 100vw, 434px\" \/><\/a>\n\t\t\t<\/div><\/figure>\n\t\t<\/div>\n\t\t<\/div>\n\t\t\t\t<\/div>\n\t\t\t\t<\/div>\n\t\t\t\t\t<\/div>\n\t\t<\/div>\n\t\t\t\t\t\t\t<\/div>\n\t\t<\/section>\n\t\t\t\t<section class=\"elementor-section elementor-top-section elementor-element elementor-element-cb555b5 elementor-section-boxed elementor-section-height-default elementor-section-height-default\" data-id=\"cb555b5\" data-element_type=\"section\">\n\t\t\t\t\t\t<div class=\"elementor-container elementor-column-gap-default\">\n\t\t\t\t\t<div class=\"elementor-column elementor-col-100 elementor-top-column elementor-element elementor-element-b70a8c6\" data-id=\"b70a8c6\" data-element_type=\"column\">\n\t\t\t<div class=\"elementor-widget-wrap elementor-element-populated\">\n\t\t\t\t\t\t\t\t<div class=\"elementor-element elementor-element-011172e elementor-widget elementor-widget-text-editor\" data-id=\"011172e\" data-element_type=\"widget\" data-widget_type=\"text-editor.default\">\n\t\t\t\t<div class=\"elementor-widget-container\">\n\t\t\t\t\t\t\t<h4><strong>Main hall<\/strong><\/h4><p>Theater seating <strong>150 people<\/strong><\/p><p>In the case of large trainings we have the main hall available where we will meet your individual requirements.<\/p><p>\u00a0<\/p><p><strong>Coffee break must be agreed on at least 1 day in advance.<\/strong><\/p><p>If you are interested, we will send the offer for the coffee break via your e-mail.<\/p>\t\t\t\t\t\t<\/div>\n\t\t\t\t<\/div>\n\t\t\t\t\t<\/div>\n\t\t<\/div>\n\t\t\t\t\t\t\t<\/div>\n\t\t<\/section>\n\t\t\t\t<section class=\"elementor-section elementor-top-section elementor-element elementor-element-833377b elementor-section-boxed elementor-section-height-default elementor-section-height-default\" data-id=\"833377b\" data-element_type=\"section\">\n\t\t\t\t\t\t<div class=\"elementor-container elementor-column-gap-default\">\n\t\t\t\t\t<div class=\"elementor-column elementor-col-100 elementor-top-column elementor-element elementor-element-8573bd4\" data-id=\"8573bd4\" data-element_type=\"column\">\n\t\t\t<div class=\"elementor-widget-wrap elementor-element-populated\">\n\t\t\t\t\t\t\t\t<div class=\"elementor-element elementor-element-ead94e3 elementor-widget elementor-widget-heading\" data-id=\"ead94e3\" data-element_type=\"widget\" data-widget_type=\"heading.default\">\n\t\t\t\t<div class=\"elementor-widget-container\">\n\t\t\t<style>\/*! elementor - v3.13.3 - 28-05-2023 *\/\n.elementor-heading-title{padding:0;margin:0;line-height:1}.elementor-widget-heading .elementor-heading-title[class*=elementor-size-]>a{color:inherit;font-size:inherit;line-height:inherit}.elementor-widget-heading .elementor-heading-title.elementor-size-small{font-size:15px}.elementor-widget-heading .elementor-heading-title.elementor-size-medium{font-size:19px}.elementor-widget-heading .elementor-heading-title.elementor-size-large{font-size:29px}.elementor-widget-heading .elementor-heading-title.elementor-size-xl{font-size:39px}.elementor-widget-heading .elementor-heading-title.elementor-size-xxl{font-size:59px}<\/style><h3 class=\"elementor-heading-title elementor-size-default\">If you are interested in preparing a non-binding custom-made offer, do not hesitate to contact us.<\/h3>\t\t<\/div>\n\t\t\t\t<\/div>\n\t\t\t\t<div class=\"elementor-element elementor-element-081fedf elementor-align-center elementor-widget elementor-widget-button\" data-id=\"081fedf\" data-element_type=\"widget\" data-widget_type=\"button.default\">\n\t\t\t\t<div class=\"elementor-widget-container\">\n\t\t\t\t\t<div class=\"elementor-button-wrapper\">\n\t\t\t<a href=\"https:\/\/www.hotel-alfa.sk\/en\/kontakt\/\" class=\"elementor-button-link elementor-button elementor-size-md\" role=\"button\">\n\t\t\t\t\t\t<span class=\"elementor-button-content-wrapper\">\n\t\t\t\t\t\t<span class=\"elementor-button-text\">Contact<\/span>\n\t\t<\/span>\n\t\t\t\t\t<\/a>\n\t\t<\/div>\n\t\t\t\t<\/div>\n\t\t\t\t<\/div>\n\t\t\t\t\t<\/div>\n\t\t<\/div>\n\t\t\t\t\t\t\t<\/div>\n\t\t<\/section>\n\t\t\t\t\t\t\t<\/div>","protected":false},"excerpt":{"rendered":"<p>Cez \u0161kolenia, semin\u00e1re, obchodn\u00e9 stretnutia a\u017e po vo\u013eno\u010dasov\u00e9 eventy ako s\u00fa viano\u010dn\u00e9 ve\u010dierky, teambuildingy, \u010di in\u00e9 firemn\u00e9 podujatia. \u00a0\u00a0\u00a0\u00a0\u00a0\u00a0\u00a0 Hotel&#8230; <span class=\"knsl-el-more\"><a href=\"https:\/\/www.hotel-alfa.sk\/en\/teambuildingy-a-skolenia\/\" class=\"knsl-btn\">Read more<span class=\"screen-reader-text\">Read more&nbsp;Teambuildingy a \u0161kolenia<\/span><\/a><\/span><\/p>","protected":false},"author":4,"featured_media":0,"parent":0,"menu_order":0,"comment_status":"closed","ping_status":"closed","template":"","meta":{"_mi_skip_tracking":false,"_monsterinsights_sitenote_active":false,"_monsterinsights_sitenote_note":"","_monsterinsights_sitenote_category":0,"_themeisle_gutenberg_block_has_review":false,"footnotes":""},"class_list":["post-7228","page","type-page","status-publish","hentry"],"acf":[],"aioseo_notices":[],"_links":{"self":[{"href":"https:\/\/www.hotel-alfa.sk\/en\/wp-json\/wp\/v2\/pages\/7228","targetHints":{"allow":["GET"]}}],"collection":[{"href":"https:\/\/www.hotel-alfa.sk\/en\/wp-json\/wp\/v2\/pages"}],"about":[{"href":"https:\/\/www.hotel-alfa.sk\/en\/wp-json\/wp\/v2\/types\/page"}],"author":[{"embeddable":true,"href":"https:\/\/www.hotel-alfa.sk\/en\/wp-json\/wp\/v2\/users\/4"}],"replies":[{"embeddable":true,"href":"https:\/\/www.hotel-alfa.sk\/en\/wp-json\/wp\/v2\/comments?post=7228"}],"version-history":[{"count":22,"href":"https:\/\/www.hotel-alfa.sk\/en\/wp-json\/wp\/v2\/pages\/7228\/revisions"}],"predecessor-version":[{"id":7329,"href":"https:\/\/www.hotel-alfa.sk\/en\/wp-json\/wp\/v2\/pages\/7228\/revisions\/7329"}],"wp:attachment":[{"href":"https:\/\/www.hotel-alfa.sk\/en\/wp-json\/wp\/v2\/media?parent=7228"}],"curies":[{"name":"wp","href":"https:\/\/api.w.org\/{rel}","templated":true}]}}