{"id":7215,"date":"2024-08-30T08:56:02","date_gmt":"2024-08-30T06:56:02","guid":{"rendered":"https:\/\/www.hotel-alfa.sk\/?page_id=7215"},"modified":"2024-09-14T08:20:04","modified_gmt":"2024-09-14T06:20:04","slug":"eventy-a-oslavy","status":"publish","type":"page","link":"https:\/\/www.hotel-alfa.sk\/en\/eventy-a-oslavy\/","title":{"rendered":"Events and celebrations"},"content":{"rendered":"<div data-elementor-type=\"wp-page\" data-elementor-id=\"7215\" class=\"elementor elementor-7215\">\n\t\t\t\t\t\t\t\t\t<section class=\"elementor-section elementor-top-section elementor-element elementor-element-7c547a8c elementor-section-boxed elementor-section-height-default elementor-section-height-default\" data-id=\"7c547a8c\" data-element_type=\"section\">\n\t\t\t\t\t\t<div class=\"elementor-container elementor-column-gap-default\">\n\t\t\t\t\t<div class=\"elementor-column elementor-col-100 elementor-top-column elementor-element elementor-element-5998282a\" data-id=\"5998282a\" data-element_type=\"column\">\n\t\t\t<div class=\"elementor-widget-wrap elementor-element-populated\">\n\t\t\t\t\t\t\t\t<div class=\"elementor-element elementor-element-32285831 elementor-widget elementor-widget-text-editor\" data-id=\"32285831\" data-element_type=\"widget\" data-widget_type=\"text-editor.default\">\n\t\t\t\t<div class=\"elementor-widget-container\">\n\t\t\t<style>\/*! elementor - v3.13.3 - 28-05-2023 *\/\n.elementor-widget-text-editor.elementor-drop-cap-view-stacked .elementor-drop-cap{background-color:#69727d;color:#fff}.elementor-widget-text-editor.elementor-drop-cap-view-framed .elementor-drop-cap{color:#69727d;border:3px solid;background-color:transparent}.elementor-widget-text-editor:not(.elementor-drop-cap-view-default) .elementor-drop-cap{margin-top:8px}.elementor-widget-text-editor:not(.elementor-drop-cap-view-default) .elementor-drop-cap-letter{width:1em;height:1em}.elementor-widget-text-editor .elementor-drop-cap{float:left;text-align:center;line-height:1;font-size:50px}.elementor-widget-text-editor .elementor-drop-cap-letter{display:inline-block}<\/style>\t\t\t\t<!-- wp:paragraph -->\n<p><strong>Hotel Alfa in Giraltovce with its restaurant is an ideal place for organizing various events including celebrations, teambuildings and weddings.<\/strong> We offer spacious and flexible spaces that can be adapted to your needs and wishes. Our professional team will help you with every detail to make your event unforgettable. <strong>We have also an excellent team of chefs who will guarantee a great culinary experience for your guests.<\/strong> <em>We will ensure that every event runs smoothly and according to your wishes.<\/em><\/p>\n<!-- \/wp:paragraph -->\t\t\t\t\t\t<\/div>\n\t\t\t\t<\/div>\n\t\t\t\t<div class=\"elementor-element elementor-element-795f0be elementor-widget elementor-widget-image-gallery\" data-id=\"795f0be\" data-element_type=\"widget\" data-widget_type=\"image-gallery.default\">\n\t\t\t\t<div class=\"elementor-widget-container\">\n\t\t\t<style>\/*! elementor - v3.13.3 - 28-05-2023 *\/\n.elementor-image-gallery .gallery-item{display:inline-block;text-align:center;vertical-align:top;width:100%;max-width:100%;margin:0 auto}.elementor-image-gallery .gallery-item img{margin:0 auto}.elementor-image-gallery .gallery-item .gallery-caption{margin:0}.elementor-image-gallery figure img{display:block}.elementor-image-gallery figure figcaption{width:100%}.gallery-spacing-custom .elementor-image-gallery .gallery-icon{padding:0}@media (min-width:768px){.elementor-image-gallery .gallery-columns-2 .gallery-item{max-width:50%}.elementor-image-gallery .gallery-columns-3 .gallery-item{max-width:33.33%}.elementor-image-gallery .gallery-columns-4 .gallery-item{max-width:25%}.elementor-image-gallery .gallery-columns-5 .gallery-item{max-width:20%}.elementor-image-gallery .gallery-columns-6 .gallery-item{max-width:16.666%}.elementor-image-gallery .gallery-columns-7 .gallery-item{max-width:14.28%}.elementor-image-gallery .gallery-columns-8 .gallery-item{max-width:12.5%}.elementor-image-gallery .gallery-columns-9 .gallery-item{max-width:11.11%}.elementor-image-gallery .gallery-columns-10 .gallery-item{max-width:10%}}@media (min-width:480px) and (max-width:767px){.elementor-image-gallery .gallery.gallery-columns-2 .gallery-item,.elementor-image-gallery .gallery.gallery-columns-3 .gallery-item,.elementor-image-gallery .gallery.gallery-columns-4 .gallery-item,.elementor-image-gallery .gallery.gallery-columns-5 .gallery-item,.elementor-image-gallery .gallery.gallery-columns-6 .gallery-item,.elementor-image-gallery .gallery.gallery-columns-7 .gallery-item,.elementor-image-gallery .gallery.gallery-columns-8 .gallery-item,.elementor-image-gallery .gallery.gallery-columns-9 .gallery-item,.elementor-image-gallery .gallery.gallery-columns-10 .gallery-item{max-width:50%}}@media (max-width:479px){.elementor-image-gallery .gallery.gallery-columns-2 .gallery-item,.elementor-image-gallery .gallery.gallery-columns-3 .gallery-item,.elementor-image-gallery .gallery.gallery-columns-4 .gallery-item,.elementor-image-gallery .gallery.gallery-columns-5 .gallery-item,.elementor-image-gallery .gallery.gallery-columns-6 .gallery-item,.elementor-image-gallery .gallery.gallery-columns-7 .gallery-item,.elementor-image-gallery .gallery.gallery-columns-8 .gallery-item,.elementor-image-gallery .gallery.gallery-columns-9 .gallery-item,.elementor-image-gallery .gallery.gallery-columns-10 .gallery-item{max-width:100%}}<\/style>\t\t<div class=\"elementor-image-gallery\">\n\t\t\t<div id='gallery-1' class='gallery galleryid-7215 gallery-columns-2 gallery-size-medium'><figure class='gallery-item'>\n\t\t\t<div class='gallery-icon landscape'>\n\t\t\t\t<a data-elementor-open-lightbox=\"yes\" data-elementor-lightbox-slideshow=\"795f0be\" data-elementor-lightbox-title=\"Alfa hotel Giraltovce\" data-elementor-lightbox-description=\"Alfa hotel Giraltovce\" data-e-action-hash=\"#elementor-action%3Aaction%3Dlightbox%26settings%3DeyJpZCI6NzE5NCwidXJsIjoiaHR0cHM6XC9cL3d3dy5ob3RlbC1hbGZhLnNrXC93cC1jb250ZW50XC91cGxvYWRzXC8yMDI0XC8wOFwvQWxmYS1ob3RlbC1zY2FsZWQuanBnIiwic2xpZGVzaG93IjoiNzk1ZjBiZSJ9\" href='https:\/\/www.hotel-alfa.sk\/wp-content\/uploads\/2024\/08\/Alfa-hotel-scaled.jpg'><img loading=\"lazy\" decoding=\"async\" width=\"300\" height=\"225\" src=\"https:\/\/www.hotel-alfa.sk\/wp-content\/uploads\/2024\/08\/Alfa-hotel-300x225.jpg\" class=\"attachment-medium size-medium\" alt=\"Alfa hotel Giraltovce\" aria-describedby=\"gallery-1-7194\" srcset=\"https:\/\/www.hotel-alfa.sk\/wp-content\/uploads\/2024\/08\/Alfa-hotel-300x225.jpg 300w, https:\/\/www.hotel-alfa.sk\/wp-content\/uploads\/2024\/08\/Alfa-hotel-1024x768.jpg 1024w, https:\/\/www.hotel-alfa.sk\/wp-content\/uploads\/2024\/08\/Alfa-hotel-768x576.jpg 768w, https:\/\/www.hotel-alfa.sk\/wp-content\/uploads\/2024\/08\/Alfa-hotel-1536x1152.jpg 1536w, https:\/\/www.hotel-alfa.sk\/wp-content\/uploads\/2024\/08\/Alfa-hotel-2048x1536.jpg 2048w, https:\/\/www.hotel-alfa.sk\/wp-content\/uploads\/2024\/08\/Alfa-hotel-16x12.jpg 16w, https:\/\/www.hotel-alfa.sk\/wp-content\/uploads\/2024\/08\/Alfa-hotel-950x713.jpg 950w, https:\/\/www.hotel-alfa.sk\/wp-content\/uploads\/2024\/08\/Alfa-hotel-1920x1440.jpg 1920w, https:\/\/www.hotel-alfa.sk\/wp-content\/uploads\/2024\/08\/Alfa-hotel-800x600.jpg 800w\" sizes=\"auto, (max-width: 300px) 100vw, 300px\" \/><\/a>\n\t\t\t<\/div>\n\t\t\t\t<figcaption class='wp-caption-text gallery-caption' id='gallery-1-7194'>\n\t\t\t\tAlfa hotel Giraltovce\n\t\t\t\t<\/figcaption><\/figure><figure class='gallery-item'>\n\t\t\t<div class='gallery-icon landscape'>\n\t\t\t\t<a data-elementor-open-lightbox=\"yes\" data-elementor-lightbox-slideshow=\"795f0be\" data-elementor-lightbox-title=\"Hotel Alfa svadba na mieru 2\" data-elementor-lightbox-description=\"Hotel Alfa svadba na mieru 2\" data-e-action-hash=\"#elementor-action%3Aaction%3Dlightbox%26settings%3DeyJpZCI6NDIyNSwidXJsIjoiaHR0cHM6XC9cL3d3dy5ob3RlbC1hbGZhLnNrXC93cC1jb250ZW50XC91cGxvYWRzXC8yMDIzXC8wMlwvMS1zY2FsZWQuanBnIiwic2xpZGVzaG93IjoiNzk1ZjBiZSJ9\" href='https:\/\/www.hotel-alfa.sk\/wp-content\/uploads\/2023\/02\/1-scaled.jpg'><img loading=\"lazy\" decoding=\"async\" width=\"300\" height=\"225\" src=\"https:\/\/www.hotel-alfa.sk\/wp-content\/uploads\/2023\/02\/1-300x225.jpg\" class=\"attachment-medium size-medium\" alt=\"Hotel Alfa svadba na mieru 2\" aria-describedby=\"gallery-1-4225\" srcset=\"https:\/\/www.hotel-alfa.sk\/wp-content\/uploads\/2023\/02\/1-300x225.jpg 300w, https:\/\/www.hotel-alfa.sk\/wp-content\/uploads\/2023\/02\/1-1024x768.jpg 1024w, https:\/\/www.hotel-alfa.sk\/wp-content\/uploads\/2023\/02\/1-768x576.jpg 768w, https:\/\/www.hotel-alfa.sk\/wp-content\/uploads\/2023\/02\/1-1536x1152.jpg 1536w, https:\/\/www.hotel-alfa.sk\/wp-content\/uploads\/2023\/02\/1-2048x1536.jpg 2048w, https:\/\/www.hotel-alfa.sk\/wp-content\/uploads\/2023\/02\/1-950x713.jpg 950w, https:\/\/www.hotel-alfa.sk\/wp-content\/uploads\/2023\/02\/1-1920x1440.jpg 1920w, https:\/\/www.hotel-alfa.sk\/wp-content\/uploads\/2023\/02\/1-800x600.jpg 800w\" sizes=\"auto, (max-width: 300px) 100vw, 300px\" \/><\/a>\n\t\t\t<\/div>\n\t\t\t\t<figcaption class='wp-caption-text gallery-caption' id='gallery-1-4225'>\n\t\t\t\tHotel Alfa svadba na mieru 2\n\t\t\t\t<\/figcaption><\/figure><figure class='gallery-item'>\n\t\t\t<div class='gallery-icon landscape'>\n\t\t\t\t<a data-elementor-open-lightbox=\"yes\" data-elementor-lightbox-slideshow=\"795f0be\" data-elementor-lightbox-title=\"20220528_094924\" data-elementor-lightbox-description=\"Hotel Alfa oslava sal\u00f3nik\" data-e-action-hash=\"#elementor-action%3Aaction%3Dlightbox%26settings%3DeyJpZCI6NDIyOSwidXJsIjoiaHR0cHM6XC9cL3d3dy5ob3RlbC1hbGZhLnNrXC93cC1jb250ZW50XC91cGxvYWRzXC8yMDIzXC8wMlwvMjAyMjA1MjhfMDk0OTI0LXNjYWxlZC5qcGciLCJzbGlkZXNob3ciOiI3OTVmMGJlIn0%3D\" href='https:\/\/www.hotel-alfa.sk\/wp-content\/uploads\/2023\/02\/20220528_094924-scaled.jpg'><img loading=\"lazy\" decoding=\"async\" width=\"300\" height=\"225\" src=\"https:\/\/www.hotel-alfa.sk\/wp-content\/uploads\/2023\/02\/20220528_094924-300x225.jpg\" class=\"attachment-medium size-medium\" alt=\"Hotel Alfa oslava sal\u00f3nik\" aria-describedby=\"gallery-1-4229\" srcset=\"https:\/\/www.hotel-alfa.sk\/wp-content\/uploads\/2023\/02\/20220528_094924-300x225.jpg 300w, https:\/\/www.hotel-alfa.sk\/wp-content\/uploads\/2023\/02\/20220528_094924-1024x768.jpg 1024w, https:\/\/www.hotel-alfa.sk\/wp-content\/uploads\/2023\/02\/20220528_094924-768x576.jpg 768w, https:\/\/www.hotel-alfa.sk\/wp-content\/uploads\/2023\/02\/20220528_094924-1536x1152.jpg 1536w, https:\/\/www.hotel-alfa.sk\/wp-content\/uploads\/2023\/02\/20220528_094924-2048x1536.jpg 2048w, https:\/\/www.hotel-alfa.sk\/wp-content\/uploads\/2023\/02\/20220528_094924-950x713.jpg 950w, https:\/\/www.hotel-alfa.sk\/wp-content\/uploads\/2023\/02\/20220528_094924-1920x1440.jpg 1920w, https:\/\/www.hotel-alfa.sk\/wp-content\/uploads\/2023\/02\/20220528_094924-800x600.jpg 800w\" sizes=\"auto, (max-width: 300px) 100vw, 300px\" \/><\/a>\n\t\t\t<\/div>\n\t\t\t\t<figcaption class='wp-caption-text gallery-caption' id='gallery-1-4229'>\n\t\t\t\tHotel Alfa oslava sal\u00f3nik\n\t\t\t\t<\/figcaption><\/figure><figure class='gallery-item'>\n\t\t\t<div class='gallery-icon landscape'>\n\t\t\t\t<a data-elementor-open-lightbox=\"yes\" data-elementor-lightbox-slideshow=\"795f0be\" data-elementor-lightbox-title=\"20220722_104858\" data-elementor-lightbox-description=\"Hotel Alfa oslava sal\u00f3nik\" data-e-action-hash=\"#elementor-action%3Aaction%3Dlightbox%26settings%3DeyJpZCI6NDIwNiwidXJsIjoiaHR0cHM6XC9cL3d3dy5ob3RlbC1hbGZhLnNrXC93cC1jb250ZW50XC91cGxvYWRzXC8yMDIzXC8wMlwvMjAyMjA3MjJfMTA0ODU4LXNjYWxlZC5qcGciLCJzbGlkZXNob3ciOiI3OTVmMGJlIn0%3D\" href='https:\/\/www.hotel-alfa.sk\/wp-content\/uploads\/2023\/02\/20220722_104858-scaled.jpg'><img loading=\"lazy\" decoding=\"async\" width=\"300\" height=\"225\" src=\"https:\/\/www.hotel-alfa.sk\/wp-content\/uploads\/2023\/02\/20220722_104858-300x225.jpg\" class=\"attachment-medium size-medium\" alt=\"\" srcset=\"https:\/\/www.hotel-alfa.sk\/wp-content\/uploads\/2023\/02\/20220722_104858-300x225.jpg 300w, https:\/\/www.hotel-alfa.sk\/wp-content\/uploads\/2023\/02\/20220722_104858-1024x768.jpg 1024w, https:\/\/www.hotel-alfa.sk\/wp-content\/uploads\/2023\/02\/20220722_104858-768x576.jpg 768w, https:\/\/www.hotel-alfa.sk\/wp-content\/uploads\/2023\/02\/20220722_104858-1536x1152.jpg 1536w, https:\/\/www.hotel-alfa.sk\/wp-content\/uploads\/2023\/02\/20220722_104858-2048x1536.jpg 2048w, https:\/\/www.hotel-alfa.sk\/wp-content\/uploads\/2023\/02\/20220722_104858-950x713.jpg 950w, https:\/\/www.hotel-alfa.sk\/wp-content\/uploads\/2023\/02\/20220722_104858-1920x1440.jpg 1920w, https:\/\/www.hotel-alfa.sk\/wp-content\/uploads\/2023\/02\/20220722_104858-800x600.jpg 800w\" sizes=\"auto, (max-width: 300px) 100vw, 300px\" \/><\/a>\n\t\t\t<\/div><\/figure>\n\t\t<\/div>\n\t\t<\/div>\n\t\t\t\t<\/div>\n\t\t\t\t<\/div>\n\t\t\t\t\t<\/div>\n\t\t<\/div>\n\t\t\t\t\t\t\t<\/div>\n\t\t<\/section>\n\t\t\t\t<section class=\"elementor-section elementor-top-section elementor-element elementor-element-ae83aa6 elementor-section-boxed elementor-section-height-default elementor-section-height-default\" data-id=\"ae83aa6\" data-element_type=\"section\">\n\t\t\t\t\t\t<div class=\"elementor-container elementor-column-gap-default\">\n\t\t\t\t\t<div class=\"elementor-column elementor-col-100 elementor-top-column elementor-element elementor-element-a586da7\" data-id=\"a586da7\" data-element_type=\"column\">\n\t\t\t<div class=\"elementor-widget-wrap elementor-element-populated\">\n\t\t\t\t\t\t\t\t<div class=\"elementor-element elementor-element-c14b199 elementor-widget elementor-widget-heading\" data-id=\"c14b199\" data-element_type=\"widget\" data-widget_type=\"heading.default\">\n\t\t\t\t<div class=\"elementor-widget-container\">\n\t\t\t<style>\/*! elementor - v3.13.3 - 28-05-2023 *\/\n.elementor-heading-title{padding:0;margin:0;line-height:1}.elementor-widget-heading .elementor-heading-title[class*=elementor-size-]>a{color:inherit;font-size:inherit;line-height:inherit}.elementor-widget-heading .elementor-heading-title.elementor-size-small{font-size:15px}.elementor-widget-heading .elementor-heading-title.elementor-size-medium{font-size:19px}.elementor-widget-heading .elementor-heading-title.elementor-size-large{font-size:29px}.elementor-widget-heading .elementor-heading-title.elementor-size-xl{font-size:39px}.elementor-widget-heading .elementor-heading-title.elementor-size-xxl{font-size:59px}<\/style><h3 class=\"elementor-heading-title elementor-size-default\">If you are interested in preparing a non-binding custom-made offer, do not hesitate to contact us.<\/h3>\t\t<\/div>\n\t\t\t\t<\/div>\n\t\t\t\t<div class=\"elementor-element elementor-element-df4dc57 elementor-align-center elementor-widget elementor-widget-button\" data-id=\"df4dc57\" data-element_type=\"widget\" data-widget_type=\"button.default\">\n\t\t\t\t<div class=\"elementor-widget-container\">\n\t\t\t\t\t<div class=\"elementor-button-wrapper\">\n\t\t\t<a href=\"https:\/\/www.hotel-alfa.sk\/en\/kontakt\/\" class=\"elementor-button-link elementor-button elementor-size-md\" role=\"button\">\n\t\t\t\t\t\t<span class=\"elementor-button-content-wrapper\">\n\t\t\t\t\t\t<span class=\"elementor-button-text\">Contact<\/span>\n\t\t<\/span>\n\t\t\t\t\t<\/a>\n\t\t<\/div>\n\t\t\t\t<\/div>\n\t\t\t\t<\/div>\n\t\t\t\t\t<\/div>\n\t\t<\/div>\n\t\t\t\t\t\t\t<\/div>\n\t\t<\/section>\n\t\t\t\t\t\t\t<\/div>","protected":false},"excerpt":{"rendered":"<p>Hotel Alfa v Giraltovciach so svojou re\u0161taur\u00e1ciou je ide\u00e1lnym miestom na organizovanie r\u00f4znych podujat\u00ed, vr\u00e1tane osl\u00e1v, teambuildingov a svadieb. Pon\u00fakame&#8230; <span class=\"knsl-el-more\"><a href=\"https:\/\/www.hotel-alfa.sk\/en\/eventy-a-oslavy\/\" class=\"knsl-btn\">Read more<span class=\"screen-reader-text\">Read more&nbsp;Eventy a oslavy<\/span><\/a><\/span><\/p>","protected":false},"author":4,"featured_media":0,"parent":0,"menu_order":0,"comment_status":"closed","ping_status":"closed","template":"","meta":{"_mi_skip_tracking":false,"_monsterinsights_sitenote_active":false,"_monsterinsights_sitenote_note":"","_monsterinsights_sitenote_category":0,"_themeisle_gutenberg_block_has_review":false,"footnotes":""},"class_list":["post-7215","page","type-page","status-publish","hentry"],"acf":[],"aioseo_notices":[],"_links":{"self":[{"href":"https:\/\/www.hotel-alfa.sk\/en\/wp-json\/wp\/v2\/pages\/7215","targetHints":{"allow":["GET"]}}],"collection":[{"href":"https:\/\/www.hotel-alfa.sk\/en\/wp-json\/wp\/v2\/pages"}],"about":[{"href":"https:\/\/www.hotel-alfa.sk\/en\/wp-json\/wp\/v2\/types\/page"}],"author":[{"embeddable":true,"href":"https:\/\/www.hotel-alfa.sk\/en\/wp-json\/wp\/v2\/users\/4"}],"replies":[{"embeddable":true,"href":"https:\/\/www.hotel-alfa.sk\/en\/wp-json\/wp\/v2\/comments?post=7215"}],"version-history":[{"count":13,"href":"https:\/\/www.hotel-alfa.sk\/en\/wp-json\/wp\/v2\/pages\/7215\/revisions"}],"predecessor-version":[{"id":7315,"href":"https:\/\/www.hotel-alfa.sk\/en\/wp-json\/wp\/v2\/pages\/7215\/revisions\/7315"}],"wp:attachment":[{"href":"https:\/\/www.hotel-alfa.sk\/en\/wp-json\/wp\/v2\/media?parent=7215"}],"curies":[{"name":"wp","href":"https:\/\/api.w.org\/{rel}","templated":true}]}}