{"id":635,"date":"2021-12-13T15:14:55","date_gmt":"2021-12-13T15:14:55","guid":{"rendered":"https:\/\/bslthemes.site\/kinsley\/?page_id=635"},"modified":"2024-08-25T09:08:25","modified_gmt":"2024-08-25T07:08:25","slug":"galeria","status":"publish","type":"page","link":"https:\/\/www.hotel-alfa.sk\/en\/galeria\/","title":{"rendered":"Gallery"},"content":{"rendered":"<div data-elementor-type=\"wp-page\" data-elementor-id=\"635\" class=\"elementor elementor-635\">\n\t\t\t\t\t\t\t\t\t<section class=\"elementor-section elementor-top-section elementor-element elementor-element-6919cad elementor-section-full_width elementor-section-height-default elementor-section-height-default\" data-id=\"6919cad\" data-element_type=\"section\" data-settings=\"{&quot;background_background&quot;:&quot;classic&quot;}\">\n\t\t\t\t\t\t\t<div class=\"elementor-background-overlay\"><\/div>\n\t\t\t\t\t\t\t<div class=\"elementor-container elementor-column-gap-no\">\n\t\t\t\t\t<div class=\"elementor-column elementor-col-100 elementor-top-column elementor-element elementor-element-9c2fdf4\" data-id=\"9c2fdf4\" data-element_type=\"column\">\n\t\t\t<div class=\"elementor-widget-wrap elementor-element-populated\">\n\t\t\t\t\t\t\t\t<div class=\"elementor-element elementor-element-bcd5e09 elementor-widget elementor-widget-kinsley-intro\" data-id=\"bcd5e09\" data-element_type=\"widget\" data-widget_type=\"kinsley-intro.default\">\n\t\t\t\t<div class=\"elementor-widget-container\">\n\t\t\t\n    <!-- banner -->\n    <section class=\"knsl-banner-simple knsl-transition-bottom\">\n      \n      <div class=\"container\">\n        <div class=\"row\">\n          <div class=\"col-lg-12\">\n\n            <div class=\"knsl-center knsl-title-frame\">\n                            <h1 class=\"knsl-title--h knsl-mb-20 knsl-h1-inner\">\n                <span >\n                    Gallery                <\/span>\n              <\/h1>\n                            \n              \n            <\/div>\n\n          <\/div>\n        <\/div>\n      <\/div>\n    <\/section>\n    <!-- banner end -->\n\n\t\t\t\t<\/div>\n\t\t\t\t<\/div>\n\t\t\t\t\t<\/div>\n\t\t<\/div>\n\t\t\t\t\t\t\t<\/div>\n\t\t<\/section>\n\t\t\t\t<section class=\"elementor-section elementor-top-section elementor-element elementor-element-f071f12 elementor-section-full_width elementor-section-height-default elementor-section-height-default\" data-id=\"f071f12\" data-element_type=\"section\">\n\t\t\t\t\t\t<div class=\"elementor-container elementor-column-gap-no\">\n\t\t\t\t\t<div class=\"elementor-column elementor-col-100 elementor-top-column elementor-element elementor-element-0ebd20c\" data-id=\"0ebd20c\" data-element_type=\"column\">\n\t\t\t<div class=\"elementor-widget-wrap elementor-element-populated\">\n\t\t\t\t\t\t\t\t<div class=\"elementor-element elementor-element-e18fb58 elementor-widget elementor-widget-kinsley-gallery\" data-id=\"e18fb58\" data-element_type=\"widget\" data-widget_type=\"kinsley-gallery.default\">\n\t\t\t\t<div class=\"elementor-widget-container\">\n\t\t\t\n    <!-- gallery -->\n    <div class=\"knsl-p-0-100\">\n      <div class=\"container\">\n        \n                <div class=\"knsl-filter knsl-mb-60\">\n          <a href=\"#\" data-filter=\"*\" class=\"knsl-work-category knsl-current\">All Photos<\/a>\n                    <a href=\"#\" data-filter=\".akcie\" class=\"knsl-work-category\">Events<\/a>\n                    <a href=\"#\" data-filter=\".bowling\" class=\"knsl-work-category\">Bowling<\/a>\n                    <a href=\"#\" data-filter=\".exterier\" class=\"knsl-work-category\">Exterior<\/a>\n                    <a href=\"#\" data-filter=\".relax-zone\" class=\"knsl-work-category\">Relax Zone<\/a>\n                    <a href=\"#\" data-filter=\".restauracia\" class=\"knsl-work-category\">Restaurant<\/a>\n                  <\/div>\n        \n                <div class=\"knsl-masonry-grid knsl-3-col\">\n          <div class=\"knsl-grid-sizer\"><\/div>\n\n          \n\n<div class=\"knsl-masonry-grid-item knsl-masonry-grid-item-33 bowling\">\n\t\t<!-- gallery item -->\n\t<a data-media-image data-elementor-lightbox-slideshow=\"gallery-grid\" data-elementor-lightbox-title=\"Bowling\" href=\"https:\/\/www.hotel-alfa.sk\/wp-content\/uploads\/2023\/02\/bowling-3-1920x1282.jpg\" class=\"knsl-gallery-item\">\n\t\t<img decoding=\"async\" src=\"https:\/\/www.hotel-alfa.sk\/wp-content\/uploads\/2023\/02\/bowling-3-950x634.jpg\" alt=\"Bowling\" \/>\n\t\t<span class=\"knsl-zoom\"><i class=\"fas fa-search-plus\"><\/i><\/span>\n\t<\/a>\n\t\t\t<!-- gallery item end -->\n\t<\/div>\n\n\n<div class=\"knsl-masonry-grid-item knsl-masonry-grid-item-33 bowling\">\n\t\t<!-- gallery item -->\n\t<a data-media-image data-elementor-lightbox-slideshow=\"gallery-grid\" data-elementor-lightbox-title=\"Bowling\" href=\"https:\/\/www.hotel-alfa.sk\/wp-content\/uploads\/2023\/02\/Bowling-2-1920x1282.jpg\" class=\"knsl-gallery-item\">\n\t\t<img decoding=\"async\" src=\"https:\/\/www.hotel-alfa.sk\/wp-content\/uploads\/2023\/02\/Bowling-2-950x634.jpg\" alt=\"Bowling\" \/>\n\t\t<span class=\"knsl-zoom\"><i class=\"fas fa-search-plus\"><\/i><\/span>\n\t<\/a>\n\t\t\t<!-- gallery item end -->\n\t<\/div>\n\n\n<div class=\"knsl-masonry-grid-item knsl-masonry-grid-item-33 bowling\">\n\t\t<!-- gallery item -->\n\t<a data-media-image data-elementor-lightbox-slideshow=\"gallery-grid\" data-elementor-lightbox-title=\"Bowling\" href=\"https:\/\/www.hotel-alfa.sk\/wp-content\/uploads\/2023\/02\/Bowling-1-1920x1282.jpg\" class=\"knsl-gallery-item\">\n\t\t<img decoding=\"async\" src=\"https:\/\/www.hotel-alfa.sk\/wp-content\/uploads\/2023\/02\/Bowling-1-950x634.jpg\" alt=\"Bowling\" \/>\n\t\t<span class=\"knsl-zoom\"><i class=\"fas fa-search-plus\"><\/i><\/span>\n\t<\/a>\n\t\t\t<!-- gallery item end -->\n\t<\/div>\n\n\n<div class=\"knsl-masonry-grid-item knsl-masonry-grid-item-33 bowling\">\n\t\t<!-- gallery item -->\n\t<a data-media-image data-elementor-lightbox-slideshow=\"gallery-grid\" data-elementor-lightbox-title=\"Bowling\" href=\"https:\/\/www.hotel-alfa.sk\/wp-content\/uploads\/2023\/02\/20230109_162023-1920x1080.jpg\" class=\"knsl-gallery-item knsl-scroll-animation\">\n\t\t<img decoding=\"async\" src=\"https:\/\/www.hotel-alfa.sk\/wp-content\/uploads\/2023\/02\/20230109_162023-scaled-e1676213585284-950x1689.jpg\" alt=\"Bowling\" \/>\n\t\t<span class=\"knsl-zoom\"><i class=\"fas fa-search-plus\"><\/i><\/span>\n\t<\/a>\n\t\t\t<!-- gallery item end -->\n\t<\/div>\n\n\n<div class=\"knsl-masonry-grid-item knsl-masonry-grid-item-33 akcie\">\n\t\t<!-- gallery item -->\n\t<a data-media-image data-elementor-lightbox-slideshow=\"gallery-grid\" data-elementor-lightbox-title=\"Akcie\" href=\"https:\/\/www.hotel-alfa.sk\/wp-content\/uploads\/2023\/02\/oslavy-2-1920x1440.jpg\" class=\"knsl-gallery-item knsl-scroll-animation\">\n\t\t<img decoding=\"async\" src=\"https:\/\/www.hotel-alfa.sk\/wp-content\/uploads\/2023\/02\/oslavy-2-950x713.jpg\" alt=\"Akcie\" \/>\n\t\t<span class=\"knsl-zoom\"><i class=\"fas fa-search-plus\"><\/i><\/span>\n\t<\/a>\n\t\t\t<!-- gallery item end -->\n\t<\/div>\n\n\n<div class=\"knsl-masonry-grid-item knsl-masonry-grid-item-33 akcie\">\n\t\t<!-- gallery item -->\n\t<a data-media-image data-elementor-lightbox-slideshow=\"gallery-grid\" data-elementor-lightbox-title=\"Akcie\" href=\"https:\/\/www.hotel-alfa.sk\/wp-content\/uploads\/2023\/02\/20230118_072856-1920x1080.jpg\" class=\"knsl-gallery-item knsl-scroll-animation\">\n\t\t<img decoding=\"async\" src=\"https:\/\/www.hotel-alfa.sk\/wp-content\/uploads\/2023\/02\/20230118_072856-950x534.jpg\" alt=\"Akcie\" \/>\n\t\t<span class=\"knsl-zoom\"><i class=\"fas fa-search-plus\"><\/i><\/span>\n\t<\/a>\n\t\t\t<!-- gallery item end -->\n\t<\/div>\n\n\n<div class=\"knsl-masonry-grid-item knsl-masonry-grid-item-33 akcie\">\n\t\t<!-- gallery item -->\n\t<a data-media-image data-elementor-lightbox-slideshow=\"gallery-grid\" data-elementor-lightbox-title=\"Akcie\" href=\"https:\/\/www.hotel-alfa.sk\/wp-content\/uploads\/2023\/02\/20220730_120725-1920x1080.jpg\" class=\"knsl-gallery-item knsl-scroll-animation\">\n\t\t<img decoding=\"async\" src=\"https:\/\/www.hotel-alfa.sk\/wp-content\/uploads\/2023\/02\/20220730_120725-950x534.jpg\" alt=\"Akcie\" \/>\n\t\t<span class=\"knsl-zoom\"><i class=\"fas fa-search-plus\"><\/i><\/span>\n\t<\/a>\n\t\t\t<!-- gallery item end -->\n\t<\/div>\n\n\n<div class=\"knsl-masonry-grid-item knsl-masonry-grid-item-33 akcie\">\n\t\t<!-- gallery item -->\n\t<a data-media-image data-elementor-lightbox-slideshow=\"gallery-grid\" data-elementor-lightbox-title=\"Akcie\" href=\"https:\/\/www.hotel-alfa.sk\/wp-content\/uploads\/2023\/02\/20220528_094924-1920x1440.jpg\" class=\"knsl-gallery-item knsl-scroll-animation\">\n\t\t<img decoding=\"async\" src=\"https:\/\/www.hotel-alfa.sk\/wp-content\/uploads\/2023\/02\/20220528_094924-950x713.jpg\" alt=\"Akcie\" \/>\n\t\t<span class=\"knsl-zoom\"><i class=\"fas fa-search-plus\"><\/i><\/span>\n\t<\/a>\n\t\t\t<!-- gallery item end -->\n\t<\/div>\n\n\n<div class=\"knsl-masonry-grid-item knsl-masonry-grid-item-33 akcie\">\n\t\t<!-- gallery item -->\n\t<a data-media-image data-elementor-lightbox-slideshow=\"gallery-grid\" data-elementor-lightbox-title=\"Akcie\" href=\"https:\/\/www.hotel-alfa.sk\/wp-content\/uploads\/2023\/02\/20220509_080556-1920x1440.jpg\" class=\"knsl-gallery-item knsl-scroll-animation\">\n\t\t<img decoding=\"async\" src=\"https:\/\/www.hotel-alfa.sk\/wp-content\/uploads\/2023\/02\/20220509_080556-950x713.jpg\" alt=\"Akcie\" \/>\n\t\t<span class=\"knsl-zoom\"><i class=\"fas fa-search-plus\"><\/i><\/span>\n\t<\/a>\n\t\t\t<!-- gallery item end -->\n\t<\/div>\n\n\n<div class=\"knsl-masonry-grid-item knsl-masonry-grid-item-33 akcie\">\n\t\t<!-- gallery item -->\n\t<a data-media-image data-elementor-lightbox-slideshow=\"gallery-grid\" data-elementor-lightbox-title=\"Akcie\" href=\"https:\/\/www.hotel-alfa.sk\/wp-content\/uploads\/2023\/02\/009__75D0041-1920x1282.jpg\" class=\"knsl-gallery-item knsl-scroll-animation\">\n\t\t<img decoding=\"async\" src=\"https:\/\/www.hotel-alfa.sk\/wp-content\/uploads\/2023\/02\/009__75D0041-950x634.jpg\" alt=\"Akcie\" \/>\n\t\t<span class=\"knsl-zoom\"><i class=\"fas fa-search-plus\"><\/i><\/span>\n\t<\/a>\n\t\t\t<!-- gallery item end -->\n\t<\/div>\n\n\n<div class=\"knsl-masonry-grid-item knsl-masonry-grid-item-33 akcie\">\n\t\t<!-- gallery item -->\n\t<a data-media-image data-elementor-lightbox-slideshow=\"gallery-grid\" data-elementor-lightbox-title=\"Akcie\" href=\"https:\/\/www.hotel-alfa.sk\/wp-content\/uploads\/2023\/02\/006__75D0039-1920x1282.jpg\" class=\"knsl-gallery-item knsl-scroll-animation\">\n\t\t<img decoding=\"async\" src=\"https:\/\/www.hotel-alfa.sk\/wp-content\/uploads\/2023\/02\/006__75D0039-950x634.jpg\" alt=\"Akcie\" \/>\n\t\t<span class=\"knsl-zoom\"><i class=\"fas fa-search-plus\"><\/i><\/span>\n\t<\/a>\n\t\t\t<!-- gallery item end -->\n\t<\/div>\n\n\n<div class=\"knsl-masonry-grid-item knsl-masonry-grid-item-33 akcie\">\n\t\t<!-- gallery item -->\n\t<a data-media-image data-elementor-lightbox-slideshow=\"gallery-grid\" data-elementor-lightbox-title=\"Akcie\" href=\"https:\/\/www.hotel-alfa.sk\/wp-content\/uploads\/2023\/02\/1-1920x1440.jpg\" class=\"knsl-gallery-item knsl-scroll-animation\">\n\t\t<img decoding=\"async\" src=\"https:\/\/www.hotel-alfa.sk\/wp-content\/uploads\/2023\/02\/1-950x713.jpg\" alt=\"Akcie\" \/>\n\t\t<span class=\"knsl-zoom\"><i class=\"fas fa-search-plus\"><\/i><\/span>\n\t<\/a>\n\t\t\t<!-- gallery item end -->\n\t<\/div>\n\n\n<div class=\"knsl-masonry-grid-item knsl-masonry-grid-item-33 restauracia\">\n\t\t<!-- gallery item -->\n\t<a data-media-image data-elementor-lightbox-slideshow=\"gallery-grid\" data-elementor-lightbox-title=\"Re\u0161taur\u00e1cia\" href=\"https:\/\/www.hotel-alfa.sk\/wp-content\/uploads\/2023\/02\/received_1242766482825744.jpeg\" class=\"knsl-gallery-item knsl-scroll-animation\">\n\t\t<img decoding=\"async\" src=\"https:\/\/www.hotel-alfa.sk\/wp-content\/uploads\/2023\/02\/received_1242766482825744-950x462.jpeg\" alt=\"Re\u0161taur\u00e1cia\" \/>\n\t\t<span class=\"knsl-zoom\"><i class=\"fas fa-search-plus\"><\/i><\/span>\n\t<\/a>\n\t\t\t<!-- gallery item end -->\n\t<\/div>\n\n\n<div class=\"knsl-masonry-grid-item knsl-masonry-grid-item-33 restauracia\">\n\t\t<!-- gallery item -->\n\t<a data-media-image data-elementor-lightbox-slideshow=\"gallery-grid\" data-elementor-lightbox-title=\"Re\u0161taur\u00e1cia\" href=\"https:\/\/www.hotel-alfa.sk\/wp-content\/uploads\/2023\/02\/20220728_110213-1920x1440.jpg\" class=\"knsl-gallery-item knsl-scroll-animation\">\n\t\t<img decoding=\"async\" src=\"https:\/\/www.hotel-alfa.sk\/wp-content\/uploads\/2023\/02\/20220728_110213-950x713.jpg\" alt=\"Re\u0161taur\u00e1cia\" \/>\n\t\t<span class=\"knsl-zoom\"><i class=\"fas fa-search-plus\"><\/i><\/span>\n\t<\/a>\n\t\t\t<!-- gallery item end -->\n\t<\/div>\n\n\n<div class=\"knsl-masonry-grid-item knsl-masonry-grid-item-33 restauracia\">\n\t\t<!-- gallery item -->\n\t<a data-media-image data-elementor-lightbox-slideshow=\"gallery-grid\" data-elementor-lightbox-title=\"Re\u0161taur\u00e1cia\" href=\"https:\/\/www.hotel-alfa.sk\/wp-content\/uploads\/2023\/02\/20220728_110148-1920x1440.jpg\" class=\"knsl-gallery-item knsl-scroll-animation\">\n\t\t<img decoding=\"async\" src=\"https:\/\/www.hotel-alfa.sk\/wp-content\/uploads\/2023\/02\/20220728_110148-950x713.jpg\" alt=\"Re\u0161taur\u00e1cia\" \/>\n\t\t<span class=\"knsl-zoom\"><i class=\"fas fa-search-plus\"><\/i><\/span>\n\t<\/a>\n\t\t\t<!-- gallery item end -->\n\t<\/div>\n\n\n<div class=\"knsl-masonry-grid-item knsl-masonry-grid-item-33 restauracia\">\n\t\t<!-- gallery item -->\n\t<a data-media-image data-elementor-lightbox-slideshow=\"gallery-grid\" data-elementor-lightbox-title=\"Re\u0161taur\u00e1cia\" href=\"https:\/\/www.hotel-alfa.sk\/wp-content\/uploads\/2023\/02\/20220722_104858-1920x1440.jpg\" class=\"knsl-gallery-item knsl-scroll-animation\">\n\t\t<img decoding=\"async\" src=\"https:\/\/www.hotel-alfa.sk\/wp-content\/uploads\/2023\/02\/20220722_104858-950x713.jpg\" alt=\"Re\u0161taur\u00e1cia\" \/>\n\t\t<span class=\"knsl-zoom\"><i class=\"fas fa-search-plus\"><\/i><\/span>\n\t<\/a>\n\t\t\t<!-- gallery item end -->\n\t<\/div>\n\n\n<div class=\"knsl-masonry-grid-item knsl-masonry-grid-item-33 restauracia\">\n\t\t<!-- gallery item -->\n\t<a data-media-image data-elementor-lightbox-slideshow=\"gallery-grid\" data-elementor-lightbox-title=\"Re\u0161taur\u00e1cia\" href=\"https:\/\/www.hotel-alfa.sk\/wp-content\/uploads\/2023\/02\/20220722_104823-1920x1440.jpg\" class=\"knsl-gallery-item knsl-scroll-animation\">\n\t\t<img decoding=\"async\" src=\"https:\/\/www.hotel-alfa.sk\/wp-content\/uploads\/2023\/02\/20220722_104823-950x713.jpg\" alt=\"Re\u0161taur\u00e1cia\" \/>\n\t\t<span class=\"knsl-zoom\"><i class=\"fas fa-search-plus\"><\/i><\/span>\n\t<\/a>\n\t\t\t<!-- gallery item end -->\n\t<\/div>\n\n\n<div class=\"knsl-masonry-grid-item knsl-masonry-grid-item-33 restauracia\">\n\t\t<!-- gallery item -->\n\t<a data-media-image data-elementor-lightbox-slideshow=\"gallery-grid\" data-elementor-lightbox-title=\"Re\u0161taur\u00e1cia\" href=\"https:\/\/www.hotel-alfa.sk\/wp-content\/uploads\/2023\/02\/20220621_151502-1920x1440.jpg\" class=\"knsl-gallery-item knsl-scroll-animation\">\n\t\t<img decoding=\"async\" src=\"https:\/\/www.hotel-alfa.sk\/wp-content\/uploads\/2023\/02\/20220621_151502-scaled-e1676212991675-950x1267.jpg\" alt=\"Re\u0161taur\u00e1cia\" \/>\n\t\t<span class=\"knsl-zoom\"><i class=\"fas fa-search-plus\"><\/i><\/span>\n\t<\/a>\n\t\t\t<!-- gallery item end -->\n\t<\/div>\n        <\/div>\n\n        \n  \t\t\t\n  \t\t\t\n        \n      <\/div>\n    <\/div>\n    <!-- gallery end -->\n\n\t\t\t\t<\/div>\n\t\t\t\t<\/div>\n\t\t\t\t\t<\/div>\n\t\t<\/div>\n\t\t\t\t\t\t\t<\/div>\n\t\t<\/section>\n\t\t\t\t\t\t\t<\/div>","protected":false},"excerpt":{"rendered":"<p>Gal\u00e9ria All Photos Akcie Bowling Exteri\u00e9r Relax Zone Re\u0161taur\u00e1cia<\/p>","protected":false},"author":1,"featured_media":0,"parent":0,"menu_order":0,"comment_status":"closed","ping_status":"closed","template":"template-layout-builder.php","meta":{"_mi_skip_tracking":false,"_monsterinsights_sitenote_active":false,"_monsterinsights_sitenote_note":"","_monsterinsights_sitenote_category":0,"_themeisle_gutenberg_block_has_review":false,"footnotes":""},"class_list":["post-635","page","type-page","status-publish","hentry"],"acf":[],"aioseo_notices":[],"_links":{"self":[{"href":"https:\/\/www.hotel-alfa.sk\/en\/wp-json\/wp\/v2\/pages\/635","targetHints":{"allow":["GET"]}}],"collection":[{"href":"https:\/\/www.hotel-alfa.sk\/en\/wp-json\/wp\/v2\/pages"}],"about":[{"href":"https:\/\/www.hotel-alfa.sk\/en\/wp-json\/wp\/v2\/types\/page"}],"author":[{"embeddable":true,"href":"https:\/\/www.hotel-alfa.sk\/en\/wp-json\/wp\/v2\/users\/1"}],"replies":[{"embeddable":true,"href":"https:\/\/www.hotel-alfa.sk\/en\/wp-json\/wp\/v2\/comments?post=635"}],"version-history":[{"count":11,"href":"https:\/\/www.hotel-alfa.sk\/en\/wp-json\/wp\/v2\/pages\/635\/revisions"}],"predecessor-version":[{"id":7192,"href":"https:\/\/www.hotel-alfa.sk\/en\/wp-json\/wp\/v2\/pages\/635\/revisions\/7192"}],"wp:attachment":[{"href":"https:\/\/www.hotel-alfa.sk\/en\/wp-json\/wp\/v2\/media?parent=635"}],"curies":[{"name":"wp","href":"https:\/\/api.w.org\/{rel}","templated":true}]}}