{"id":287,"date":"2021-12-05T00:09:06","date_gmt":"2021-12-05T00:09:06","guid":{"rendered":"https:\/\/bslthemes.site\/kinsley\/?page_id=287"},"modified":"2025-06-03T18:41:54","modified_gmt":"2025-06-03T16:41:54","slug":"o-hoteli","status":"publish","type":"page","link":"https:\/\/www.hotel-alfa.sk\/en\/o-hoteli\/","title":{"rendered":"About the Hotel"},"content":{"rendered":"<div data-elementor-type=\"wp-page\" data-elementor-id=\"287\" class=\"elementor elementor-287\">\n\t\t\t\t\t\t\t\t\t<section class=\"elementor-section elementor-top-section elementor-element elementor-element-bb5256a elementor-section-full_width elementor-section-height-default elementor-section-height-default\" data-id=\"bb5256a\" data-element_type=\"section\" data-settings=\"{&quot;background_background&quot;:&quot;classic&quot;}\">\n\t\t\t\t\t\t\t<div class=\"elementor-background-overlay\"><\/div>\n\t\t\t\t\t\t\t<div class=\"elementor-container elementor-column-gap-no\">\n\t\t\t\t\t<div class=\"elementor-column elementor-col-100 elementor-top-column elementor-element elementor-element-dec0541\" data-id=\"dec0541\" data-element_type=\"column\">\n\t\t\t<div class=\"elementor-widget-wrap elementor-element-populated\">\n\t\t\t\t\t\t\t\t<div class=\"elementor-element elementor-element-80e1cce elementor-widget elementor-widget-kinsley-intro\" data-id=\"80e1cce\" data-element_type=\"widget\" data-widget_type=\"kinsley-intro.default\">\n\t\t\t\t<div class=\"elementor-widget-container\">\n\t\t\t\n    <!-- banner -->\n    <section class=\"knsl-banner-simple knsl-transition-bottom\">\n      \n      <div class=\"container\">\n        <div class=\"row\">\n          <div class=\"col-lg-12\">\n\n            <div class=\"knsl-center knsl-title-frame\">\n                            <h1 class=\"knsl-title--h knsl-mb-20 knsl-h1-inner\">\n                <span >\n                    About the Hotel                <\/span>\n              <\/h1>\n                            \n              \n            <\/div>\n\n          <\/div>\n        <\/div>\n      <\/div>\n    <\/section>\n    <!-- banner end -->\n\n\t\t\t\t<\/div>\n\t\t\t\t<\/div>\n\t\t\t\t\t<\/div>\n\t\t<\/div>\n\t\t\t\t\t\t\t<\/div>\n\t\t<\/section>\n\t\t\t\t<section class=\"elementor-section elementor-top-section elementor-element elementor-element-1edd412 elementor-section-full_width elementor-section-height-default elementor-section-height-default\" data-id=\"1edd412\" data-element_type=\"section\" data-settings=\"{&quot;background_background&quot;:&quot;classic&quot;}\">\n\t\t\t\t\t\t<div class=\"elementor-container elementor-column-gap-no\">\n\t\t\t\t\t<div class=\"elementor-column elementor-col-100 elementor-top-column elementor-element elementor-element-d8a79f3\" data-id=\"d8a79f3\" data-element_type=\"column\">\n\t\t\t<div class=\"elementor-widget-wrap elementor-element-populated\">\n\t\t\t\t\t\t\t\t<div class=\"elementor-element elementor-element-2643b92 elementor-widget__width-initial elementor-widget elementor-widget-kinsley-about\" data-id=\"2643b92\" data-element_type=\"widget\" data-widget_type=\"kinsley-about.default\">\n\t\t\t\t<div class=\"elementor-widget-container\">\n\t\t\t\n\t\t<!-- about -->\n    <section class=\"knsl-p-0-100\">\n\n      <div class=\"container\">\n        <div class=\"knsl-about-card\">\n                      \t\t\t\t\t\t<div class=\"row no-gutters\">\t            <div class=\"col-lg-6\">\n\t              \t              <div class=\"knsl-about-photo\">\n\t                <img decoding=\"async\" src=\"https:\/\/www.hotel-alfa.sk\/wp-content\/uploads\/2023\/01\/reception1.jpg\" alt=\"\" \/>\n\t              <\/div>\n\t              \t            <\/div>\n\t            <div class=\"col-lg-6 align-self-center\">\n\t              <div class=\"knsl-about-text\">\n\t                <div class=\"knsl-title-frame\">\n\t                  \t                  <h2 class=\"knsl-mb-20\">\n\t                  \t<span >\n\t\t\t\t\t\t        \t\tRECEPTION\n\t\t\t\t\t\t        \t<\/span>\n\t                  <\/h2>\n\t                  \t                  \t\t\t              <div class=\"knsl-text knsl-mb-30\">\n\t\t\t\t                <div >\n\t\t\t\t\t\t\t\t        \t<p>Reception is open during this time:<\/p><p>Monday - Saturday:\u00a0 \u00a0 \u00a0\u00a0\u00a0 8:00 - 20:00<\/p><p>Sunday:\u00a0 \u00a0 \u00a0 \u00a0 \u00a0 \u00a0 \u00a0 \u00a0 \u00a0 \u00a0 \u00a0 \u00a0\u00a0 \u00a0 8:00 - 20:00<\/p><p>Reservation of accommodation is possible:<\/p><p>By e-mail:\u00a0 \u00a0\u00a0 \u00a0\u00a0 \u00a0\u00a0 \u00a0\u00a0 \u00a0\u00a0 \u00a0\u00a0 \u00a0\u00a0 <a href=\"mailto:recepcia@hotel-alfa.sk\">recepcia@hotel-alfa.sk<\/a><br \/>By phone call:\u00a0 \u00a0 \u00a0 \u00a0 \u00a0 \u00a0 \u00a0 \u00a0 \u00a0 \u00a0<a href=\"tel: 421544795008\">+421 54 4795 008<\/a> <br \/>\u00a0 \u00a0 \u00a0 \u00a0 \u00a0 \u00a0 \u00a0 \u00a0 \u00a0 \u00a0 \u00a0 \u00a0 \u00a0 \u00a0 \u00a0 \u00a0 \u00a0 \u00a0 \u00a0 \u00a0 <a href=\"tel: 421911270270\">+421 911 270 270<\/a>\u00a0 \u00a0 \u00a0<\/p><p>online on the web\u00a0 \u00a0 \u00a0 \u00a0 \u00a0 \u00a0 <a href=\"https:\/\/www.hotel-alfa.sk\/en\/\">www.hotel-alfa.sk\u00a0<\/a><\/p><p>Services available: reservations, tourist information, office, accessory sale.<\/p>\t\t\t\t\t\t\t\t        <\/div>\n\t\t\t\t\t\t\t      <\/div>\n\t\t\t          \t\t\t\t\t          \t\t\t                <\/div>\n\t              <\/div>\n\t            <\/div>\n\t            \t            \t\t\t\t\t\t\t            <div class=\"col-lg-6 order-lg-2\">\n\t              \t              <div class=\"knsl-about-photo\">\n\t                <img decoding=\"async\" src=\"https:\/\/www.hotel-alfa.sk\/wp-content\/uploads\/2023\/01\/parking1.jpg\" alt=\"\" \/>\n\t              <\/div>\n\t              \t            <\/div>\n\t            <div class=\"col-lg-6 align-self-center\">\n\t              <div class=\"knsl-about-text\">\n\t                <div class=\"knsl-title-frame\">\n\t                  \t                  <h2 class=\"knsl-mb-20\">\n\t                  \t<span >\n\t\t\t\t\t\t        \t\tPARKING\t\t\t\t\t\t        \t<\/span>\n\t                  <\/h2>\n\t                  \t                  \t\t\t              <div class=\"knsl-text knsl-mb-30\">\n\t\t\t\t                <div >\n\t\t\t\t\t\t\t\t        \t<p><span style=\"color: #000000\"><strong>PARKING \u2013 PRIVATE PARKING<\/strong><\/span><\/p><table style=\"height: 295px\" width=\"431\"><tbody><tr class=\"abouthotel\"><td><img loading=\"lazy\" decoding=\"async\" class=\"alignnone size-full wp-image-3772\" src=\"https:\/\/www.hotel-alfa.sk\/wp-content\/uploads\/2023\/01\/005-park.png\" alt=\"\" width=\"32\" height=\"32\" \/><\/td><td>30 parking spaces<\/td><\/tr><tr class=\"abouthotel\"><td><img loading=\"lazy\" decoding=\"async\" class=\"alignnone size-full wp-image-3771\" src=\"https:\/\/www.hotel-alfa.sk\/wp-content\/uploads\/2023\/01\/004-toll.png\" alt=\"\" width=\"32\" height=\"32\" \/><\/td><td>Free for hotel and restaurant guests<\/td><\/tr><tr class=\"abouthotel\"><td><img loading=\"lazy\" decoding=\"async\" class=\"alignnone size-full wp-image-3770\" src=\"https:\/\/www.hotel-alfa.sk\/wp-content\/uploads\/2023\/01\/003-wheelchair.png\" alt=\"\" width=\"32\" height=\"32\" \/><\/td><td>Disabled accessible<\/td><\/tr><tr class=\"abouthotel\"><td><img loading=\"lazy\" decoding=\"async\" class=\"alignnone size-full wp-image-3769\" src=\"https:\/\/www.hotel-alfa.sk\/wp-content\/uploads\/2023\/01\/002-cctv-camera.png\" alt=\"\" width=\"32\" height=\"32\" \/><\/td><td>Monitored by cameras<\/td><\/tr><tr class=\"abouthotel\"><td><img loading=\"lazy\" decoding=\"async\" class=\"alignnone size-full wp-image-3768\" src=\"https:\/\/www.hotel-alfa.sk\/wp-content\/uploads\/2023\/01\/001-rain.png\" alt=\"\" width=\"32\" height=\"32\" \/><\/td><td>Parking for motorcycles and bicycles<\/td><\/tr><tr class=\"abouthotel\"><td><img loading=\"lazy\" decoding=\"async\" class=\"alignnone size-full wp-image-4146\" src=\"https:\/\/www.hotel-alfa.sk\/wp-content\/uploads\/2023\/02\/electric-charge-2.png\" alt=\"\" width=\"32\" height=\"32\" \/><\/td><td>Electric Car Charger<\/td><\/tr><tr class=\"abouthotel\"><td>\u00a0<\/td><td>\u00a0<\/td><\/tr><\/tbody><\/table>\t\t\t\t\t\t\t\t        <\/div>\n\t\t\t\t\t\t\t      <\/div>\n\t\t\t          \t\t\t\t\t          \t\t\t                <\/div>\n\t              <\/div>\n\t            <\/div>\n\t            <\/div>\t            \t\t\t\t\t\t<div class=\"row no-gutters\">\t            <div class=\"col-lg-6\">\n\t              \t              <div class=\"knsl-about-photo\">\n\t                <img decoding=\"async\" src=\"https:\/\/www.hotel-alfa.sk\/wp-content\/uploads\/2025\/06\/Cely-april-a-maj-u-nas-za-akciovy-tarif-020-EkWh-1.png\" alt=\"\" \/>\n\t              <\/div>\n\t              \t            <\/div>\n\t            <div class=\"col-lg-6 align-self-center\">\n\t              <div class=\"knsl-about-text\">\n\t                <div class=\"knsl-title-frame\">\n\t                  \t                  <h2 class=\"knsl-mb-20\">\n\t                  \t<span >\n\t\t\t\t\t\t        \t\tCHARGING STATION\t\t\t\t\t\t        \t<\/span>\n\t                  <\/h2>\n\t                  \t                  \t\t\t              <div class=\"knsl-text knsl-mb-30\">\n\t\t\t\t                <div >\n\t\t\t\t\t\t\t\t        \t<h5>We bring ECOLOGICAL NEWS\u00a0<\/h5><div>- In the hotel parking already in operation<\/div><div>- Two charging stations<\/div><div>- Simple and fast payment trough the payment terminal directly at the charging station<\/div><div>- More informations you can find in the links below<\/div><div>\u00a0<\/div><div><span style=\"text-decoration: underline\"><a href=\"https:\/\/www.gtischarging.sk\/aaf22-hotel-alfa\" target=\"_blank\" rel=\"noopener\">Document for charging here<\/a><\/span><br \/><span style=\"text-decoration: underline\"><a href=\"https:\/\/www.gtischarging.sk\/doklad\" target=\"_blank\" rel=\"noopener\">Your proof  of charge here<\/a><\/span><\/div>\t\t\t\t\t\t\t\t        <\/div>\n\t\t\t\t\t\t\t      <\/div>\n\t\t\t          \t\t\t\t\t          \t\t\t                <\/div>\n\t              <\/div>\n\t            <\/div>\n\t            \t            \t\t\t\t\t\t\t            <div class=\"col-lg-6 order-lg-2\">\n\t              \t              <div class=\"knsl-about-photo\">\n\t                <img decoding=\"async\" src=\"https:\/\/www.hotel-alfa.sk\/wp-content\/uploads\/2023\/01\/stravovanie2.jpg\" alt=\"\" \/>\n\t              <\/div>\n\t              \t            <\/div>\n\t            <div class=\"col-lg-6 align-self-center\">\n\t              <div class=\"knsl-about-text\">\n\t                <div class=\"knsl-title-frame\">\n\t                  \t                  <h2 class=\"knsl-mb-20\">\n\t                  \t<span >\n\t\t\t\t\t\t        \t\tBOARDING\t\t\t\t\t\t        \t<\/span>\n\t                  <\/h2>\n\t                  \t                  \t\t\t              <div class=\"knsl-text knsl-mb-30\">\n\t\t\t\t                <div >\n\t\t\t\t\t\t\t\t        \t<h5>\u00c0 LA CARTE RESTAURANT WITH CAF\u00c9 AND SUMMER TERRACE<\/h5><p>For staying guests we provide an additional paid service of breakfast from 07:30 am to 10:00 am.<\/p><table style=\"height: 192px\" width=\"311\"><tbody><tr class=\"abouthotel\"><td><img loading=\"lazy\" decoding=\"async\" class=\"alignnone size-full wp-image-3785\" src=\"https:\/\/www.hotel-alfa.sk\/wp-content\/uploads\/2023\/01\/002-dinner-table.png\" alt=\"\" width=\"32\" height=\"32\" \/><\/td><td>Restaurant: 85 seats<\/td><\/tr><tr class=\"abouthotel\"><td><img loading=\"lazy\" decoding=\"async\" class=\"alignnone size-full wp-image-3784\" src=\"https:\/\/www.hotel-alfa.sk\/wp-content\/uploads\/2023\/01\/001-room-service.png\" alt=\"\" width=\"32\" height=\"32\" \/><\/td><td>Lounge: 32 seats<\/td><\/tr><tr class=\"abouthotel\"><td><img loading=\"lazy\" decoding=\"async\" class=\"alignnone size-full wp-image-3786\" src=\"https:\/\/www.hotel-alfa.sk\/wp-content\/uploads\/2023\/01\/003-coffee.png\" alt=\"\" width=\"32\" height=\"32\" \/><\/td><td>Cafeteria: 28 seats<\/td><\/tr><\/tbody><\/table>\t\t\t\t\t\t\t\t        <\/div>\n\t\t\t\t\t\t\t      <\/div>\n\t\t\t          \t\t\t\t\t          \t\t\t                  <a href=\"https:\/\/www.hotel-alfa.sk\/wp-content\/uploads\/2024\/11\/Vecerna-ponuka-jedal-1530-1930-AJ-platna-od-11.11.2024.pdf\" class=\"knsl-btn knsl-btn-md\">\n\t                  \t<span >\n\t\t\t\t\t\t        \t\tMenu card\t\t\t\t\t\t        \t<\/span>\n\t                  <\/a>\n\t                  \t                <\/div>\n\t              <\/div>\n\t            <\/div>\n\t            <\/div>\t            \t\t\t\t\t\t<div class=\"row no-gutters\">\t            <div class=\"col-lg-6\">\n\t              \t              <div class=\"knsl-about-photo\">\n\t                <img decoding=\"async\" src=\"https:\/\/www.hotel-alfa.sk\/wp-content\/uploads\/2023\/01\/relax_1.jpeg\" alt=\"\" \/>\n\t              <\/div>\n\t              \t            <\/div>\n\t            <div class=\"col-lg-6 align-self-center\">\n\t              <div class=\"knsl-about-text\">\n\t                <div class=\"knsl-title-frame\">\n\t                  \t                  <h2 class=\"knsl-mb-20\">\n\t                  \t<span >\n\t\t\t\t\t\t        \t\tRELAX ZONE\t\t\t\t\t\t        \t<\/span>\n\t                  <\/h2>\n\t                  \t                  \t\t\t              <div class=\"knsl-text knsl-mb-30\">\n\t\t\t\t                <div >\n\t\t\t\t\t\t\t\t        \t<h5>Time for relaxation<\/h5><table style=\"height: 235px\" width=\"396\"><tbody><tr class=\"abouthotel\"><td><img loading=\"lazy\" decoding=\"async\" class=\"alignnone size-full wp-image-3792\" src=\"https:\/\/www.hotel-alfa.sk\/wp-content\/uploads\/2023\/01\/001-jacuzzi.png\" alt=\"\" width=\"32\" height=\"32\" \/><\/td><td>Jacuzzi<\/td><\/tr><tr class=\"abouthotel\"><td><img loading=\"lazy\" decoding=\"async\" class=\"alignnone size-full wp-image-3793\" src=\"https:\/\/www.hotel-alfa.sk\/wp-content\/uploads\/2023\/01\/002-sauna.png\" alt=\"\" width=\"32\" height=\"32\" \/><\/td><td>Infra sauna and finnish sauna<\/td><\/tr><tr class=\"abouthotel\"><td><img loading=\"lazy\" decoding=\"async\" class=\"alignnone size-full wp-image-3794\" src=\"https:\/\/www.hotel-alfa.sk\/wp-content\/uploads\/2023\/01\/003-fireplace.png\" alt=\"\" width=\"32\" height=\"32\" \/><\/td><td>Resting area with fire-place<\/td><\/tr><tr class=\"abouthotel\"><td><img loading=\"lazy\" decoding=\"async\" class=\"alignnone size-full wp-image-3795\" src=\"https:\/\/www.hotel-alfa.sk\/wp-content\/uploads\/2023\/01\/004-dressing-room.png\" alt=\"\" width=\"32\" height=\"32\" \/><\/td><td>Changing room and sanitary facilities<\/td><\/tr><\/tbody><\/table>\t\t\t\t\t\t\t\t        <\/div>\n\t\t\t\t\t\t\t      <\/div>\n\t\t\t          \t\t\t\t\t          \t\t\t                  <a href=\"https:\/\/www.hotel-alfa.sk\/en\/cennik\/\" class=\"knsl-btn knsl-btn-md\">\n\t                  \t<span >\n\t\t\t\t\t\t        \t\tPrice list\t\t\t\t\t\t        \t<\/span>\n\t                  <\/a>\n\t                  \t                <\/div>\n\t              <\/div>\n\t            <\/div>\n\t            \t            \t\t\t\t\t\t\t            <div class=\"col-lg-6 order-lg-2\">\n\t              \t              <div class=\"knsl-about-photo\">\n\t                <img decoding=\"async\" src=\"https:\/\/www.hotel-alfa.sk\/wp-content\/uploads\/2023\/01\/oslavy3.jpg\" alt=\"\" \/>\n\t              <\/div>\n\t              \t            <\/div>\n\t            <div class=\"col-lg-6 align-self-center\">\n\t              <div class=\"knsl-about-text\">\n\t                <div class=\"knsl-title-frame\">\n\t                  \t                  <h2 class=\"knsl-mb-20\">\n\t                  \t<span >\n\t\t\t\t\t\t        \t\tCELEBRATIONS\t\t\t\t\t\t        \t<\/span>\n\t                  <\/h2>\n\t                  \t                  \t\t\t              <div class=\"knsl-text knsl-mb-30\">\n\t\t\t\t                <div >\n\t\t\t\t\t\t\t\t        \t<h5>WEDDINGS, PARTIES, AND TRAININGS<\/h5><table style=\"height: 304px\" width=\"519\"><tbody><tr><td><img loading=\"lazy\" decoding=\"async\" class=\"size-full wp-image-3797 alignnone\" src=\"https:\/\/www.hotel-alfa.sk\/wp-content\/uploads\/2023\/01\/001-arch.png\" alt=\"\" width=\"32\" height=\"32\" \/><\/td><td>Weddings \u2013 everything at one place: air-conditioned facility with a capacity of 120, meals\/restaurant services, decoration, flowers, acommodation, photo-wall, wedding scene, \u2026 .<br \/>You can find the general terms and conditions <span style=\"text-decoration: underline\"><a href=\"https:\/\/www.hotel-alfa.sk\/wp-content\/uploads\/2023\/08\/2023-Podmienky-usporiadania-svadobnej-hostiny.pdf\">HERE<\/a>.<\/span><\/td><\/tr><tr><td><img loading=\"lazy\" decoding=\"async\" class=\"alignnone size-full wp-image-3800\" src=\"https:\/\/www.hotel-alfa.sk\/wp-content\/uploads\/2023\/01\/004-celebrate.png\" alt=\"\" width=\"32\" height=\"32\" \/><\/td><td>Parties \u2013 we would love to prepare a quote for your family<\/td><\/tr><tr><td><img loading=\"lazy\" decoding=\"async\" class=\"alignnone size-full wp-image-3798\" src=\"https:\/\/www.hotel-alfa.sk\/wp-content\/uploads\/2023\/01\/002-training-course.png\" alt=\"\" width=\"32\" height=\"32\" \/><\/td><td>Trainings \u2013 2 meeting rooms with a capacity of 30, Data projection - TV LED, flipcharts, note book and Wi-Fi connections available.<\/td><\/tr><tr><td width=\"13%\"><img loading=\"lazy\" decoding=\"async\" class=\"alignnone size-full wp-image-3799\" src=\"https:\/\/www.hotel-alfa.sk\/wp-content\/uploads\/2023\/01\/003-course.png\" alt=\"\" width=\"32\" height=\"32\" \/><\/td><td>Large trainings in the main hall with a capacity of up to 100 people with individual conditions.<\/td><\/tr><\/tbody><\/table>\t\t\t\t\t\t\t\t        <\/div>\n\t\t\t\t\t\t\t      <\/div>\n\t\t\t          \t\t\t\t\t          \t\t\t                <\/div>\n\t              <\/div>\n\t            <\/div>\n\t            <\/div>\t            \t\t\t\t\t\t<div class=\"row no-gutters\">\t            <div class=\"col-lg-6\">\n\t              \t              <div class=\"knsl-about-photo\">\n\t                <img decoding=\"async\" src=\"https:\/\/www.hotel-alfa.sk\/wp-content\/uploads\/2023\/01\/bowling1.jpg\" alt=\"\" \/>\n\t              <\/div>\n\t              \t            <\/div>\n\t            <div class=\"col-lg-6 align-self-center\">\n\t              <div class=\"knsl-about-text\">\n\t                <div class=\"knsl-title-frame\">\n\t                  \t                  <h2 class=\"knsl-mb-20\">\n\t                  \t<span >\n\t\t\t\t\t\t        \t\tBOWLING\t\t\t\t\t\t        \t<\/span>\n\t                  <\/h2>\n\t                  \t                  \t\t\t              <div class=\"knsl-text knsl-mb-30\">\n\t\t\t\t                <div >\n\t\t\t\t\t\t\t\t        \t<h5>WE ARE OPEN<\/h5><p><strong>Bowling Bar Alfa we opened for you on June 1, 2022 which is located on the ground floor of the hotel.<\/strong><\/p><p><strong>Opening hours: <\/strong><\/p><p>Mon - Wed\u00a0\u00a0\u00a0\u00a0\u00a0 closed<\/p><p>Thu - Sat\u00a0\u00a0\u00a0\u00a0 14:00 - 23:00<\/p><p>Sun\u00a0\u00a0\u00a0\u00a0\u00a0\u00a0\u00a0\u00a0\u00a0\u00a0\u00a0\u00a0\u00a0 14:00 - 22:00<\/p><p><em>Price: <\/em><em>12 \u20ac an hour \/ max 6 players \/ 1 lane<\/em><\/p><p><strong>You can make reservations at the service desk\nor at the reception phone number +421 54 4795 008 <\/strong><strong>or at +421 911 270 270. <\/strong><\/p><p><span style=\"text-decoration: underline\"><a href=\"https:\/\/www.hotel-alfa.sk\/wp-content\/uploads\/2022\/11\/Bowling-prev.poriadok.pdf\">Operating order of bowling alleys.<\/a><\/span><\/p><p><span style=\"text-decoration: underline\"><a href=\"https:\/\/www.hotel-alfa.sk\/wp-content\/uploads\/2024\/02\/Listok-bowling.pdf\">Drink menu <\/a><\/span><\/p><p><span style=\"text-decoration: underline\"><a href=\"https:\/\/www.hotel-alfa.sk\/wp-content\/uploads\/2023\/03\/Novinka-2.png\">Pizza<\/a><\/span><\/p>\t\t\t\t\t\t\t\t        <\/div>\n\t\t\t\t\t\t\t      <\/div>\n\t\t\t          \t\t\t\t\t          \t\t\t                  <a href=\"https:\/\/www.hotel-alfa.sk\/en\/cennik\/\" class=\"knsl-btn knsl-btn-md\">\n\t                  \t<span >\n\t\t\t\t\t\t        \t\tPrice list\t\t\t\t\t\t        \t<\/span>\n\t                  <\/a>\n\t                  \t                <\/div>\n\t              <\/div>\n\t            <\/div>\n\t            \t            \t\t\t\t\t\t\t            <div class=\"col-lg-6 order-lg-2\">\n\t              \t              <div class=\"knsl-about-photo\">\n\t                <img decoding=\"async\" src=\"\" alt=\"\" \/>\n\t              <\/div>\n\t              \t            <\/div>\n\t            <div class=\"col-lg-6 align-self-center\">\n\t              <div class=\"knsl-about-text\">\n\t                <div class=\"knsl-title-frame\">\n\t                  \t                  <h2 class=\"knsl-mb-20\">\n\t                  \t<span >\n\t\t\t\t\t\t        \t\tEnter title\t\t\t\t\t\t        \t<\/span>\n\t                  <\/h2>\n\t                  \t                  \t\t\t              <div class=\"knsl-text knsl-mb-30\">\n\t\t\t\t                <div >\n\t\t\t\t\t\t\t\t        \t<p>Description<\/p>\t\t\t\t\t\t\t\t        <\/div>\n\t\t\t\t\t\t\t      <\/div>\n\t\t\t          \t\t\t\t\t          \t\t\t                  <a href=\"\" class=\"knsl-btn knsl-btn-md\">\n\t                  \t<span >\n\t\t\t\t\t\t        \t\tRead More\t\t\t\t\t\t        \t<\/span>\n\t                  <\/a>\n\t                  \t                <\/div>\n\t              <\/div>\n\t            <\/div>\n\t            <\/div>\t            \t          \t        <\/div>\n\t      <\/div>\n\n\t    <\/section>\n\t    <!-- about end -->\n\n\t\t\t\t\t<\/div>\n\t\t\t\t<\/div>\n\t\t\t\t\t<\/div>\n\t\t<\/div>\n\t\t\t\t\t\t\t<\/div>\n\t\t<\/section>\n\t\t\t\t\t\t\t<\/div>","protected":false},"excerpt":{"rendered":"<p>O hoteli RECEPCIA Recepcia je V\u00e1m k dispoz\u00edci\u00ed v tomto \u010dase: Pondelok &#8211; sobota:\u00a0 \u00a0 \u00a0\u00a0\u00a0 8:00 &#8211; 20:00 Nede\u013ea:\u00a0&#8230; <span class=\"knsl-el-more\"><a href=\"https:\/\/www.hotel-alfa.sk\/en\/o-hoteli\/\" class=\"knsl-btn\">Read more<span class=\"screen-reader-text\">Read more&nbsp;O hoteli<\/span><\/a><\/span><\/p>","protected":false},"author":1,"featured_media":0,"parent":0,"menu_order":0,"comment_status":"closed","ping_status":"closed","template":"template-layout-builder.php","meta":{"_mi_skip_tracking":false,"_monsterinsights_sitenote_active":false,"_monsterinsights_sitenote_note":"","_monsterinsights_sitenote_category":0,"_themeisle_gutenberg_block_has_review":false,"footnotes":""},"class_list":["post-287","page","type-page","status-publish","hentry"],"acf":[],"aioseo_notices":[],"_links":{"self":[{"href":"https:\/\/www.hotel-alfa.sk\/en\/wp-json\/wp\/v2\/pages\/287","targetHints":{"allow":["GET"]}}],"collection":[{"href":"https:\/\/www.hotel-alfa.sk\/en\/wp-json\/wp\/v2\/pages"}],"about":[{"href":"https:\/\/www.hotel-alfa.sk\/en\/wp-json\/wp\/v2\/types\/page"}],"author":[{"embeddable":true,"href":"https:\/\/www.hotel-alfa.sk\/en\/wp-json\/wp\/v2\/users\/1"}],"replies":[{"embeddable":true,"href":"https:\/\/www.hotel-alfa.sk\/en\/wp-json\/wp\/v2\/comments?post=287"}],"version-history":[{"count":199,"href":"https:\/\/www.hotel-alfa.sk\/en\/wp-json\/wp\/v2\/pages\/287\/revisions"}],"predecessor-version":[{"id":7541,"href":"https:\/\/www.hotel-alfa.sk\/en\/wp-json\/wp\/v2\/pages\/287\/revisions\/7541"}],"wp:attachment":[{"href":"https:\/\/www.hotel-alfa.sk\/en\/wp-json\/wp\/v2\/media?parent=287"}],"curies":[{"name":"wp","href":"https:\/\/api.w.org\/{rel}","templated":true}]}}